{"id":942,"date":"2026-03-24T19:39:44","date_gmt":"2026-03-24T18:39:44","guid":{"rendered":"https:\/\/bri.univ-antilles.fr\/newsite\/?page_id=942"},"modified":"2026-03-30T21:53:25","modified_gmt":"2026-03-30T19:53:25","slug":"welcomeua-our-partners","status":"publish","type":"page","link":"https:\/\/bri.univ-antilles.fr\/newsite\/index.php\/etudier-a-lua\/etudiants-dechange\/les-partenaires-de-lua\/welcomeua-our-partners\/","title":{"rendered":"InterludeUA &#8211; Our Partners"},"content":{"rendered":"\n<figure class=\"wp-block-image size-full is-resized\"><a href=\"https:\/\/bri.univ-antilles.fr\/newsite\/index.php\/etudier-a-lua\/etudiants-dechange\/les-partenaires-de-lua\/\"><img loading=\"lazy\" decoding=\"async\" width=\"203\" height=\"199\" src=\"https:\/\/bri.univ-antilles.fr\/newsite\/wp-content\/uploads\/2026\/03\/round-france-flag-vector-icon-260nw-657307585.webp\" alt=\"\" class=\"wp-image-736\" style=\"width:31px;height:auto\"\/><\/a><\/figure>\n\n\n\n<p>To be eligible for an exchange study stay at the University of the Antilles, you must first ensure that your institution is a partner of the UA. If it is, please contact your home institution&rsquo;s international relations office to find out about the specific application procedures.<\/p>\n\n\n\n<h2 class=\"wp-block-heading has-text-color has-link-color wp-elements-8d9f1221c756145cf2306daf5c2fec12\" style=\"color:#0878bd\">Our Partners in the Caribbean Region<\/h2>\n\n\n\n<details class=\"wp-block-details is-layout-flow wp-block-details-is-layout-flow\"><summary>Barbados<\/summary>\n<ul class=\"wp-block-list\">\n<li><a href=\"https:\/\/www.cavehill.uwi.edu\/home\/\" data-type=\"link\" data-id=\"https:\/\/www.cavehill.uwi.edu\/home\/\">University of the West Indies at Cave Hill<\/a><\/li>\n<\/ul>\n<\/details>\n\n\n\n<p><\/p>\n\n\n\n<details class=\"wp-block-details is-layout-flow wp-block-details-is-layout-flow\"><summary>Haiti<\/summary>\n<ul class=\"wp-block-list\">\n<li><a href=\"https:\/\/unapedu.net\/fr\/\">Universit\u00e9 Autonome de Port-au-Prince<\/a><\/li>\n<\/ul>\n<\/details>\n\n\n\n<p><\/p>\n\n\n\n<details class=\"wp-block-details is-layout-flow wp-block-details-is-layout-flow\"><summary>Jamaica<\/summary>\n<ul class=\"wp-block-list\">\n<li><a href=\"https:\/\/www.mona.uwi.edu\/\" data-type=\"link\" data-id=\"https:\/\/www.mona.uwi.edu\/\">University of the West Indies at Mona<\/a><\/li>\n<\/ul>\n<\/details>\n\n\n\n<p><\/p>\n\n\n\n<details class=\"wp-block-details is-layout-flow wp-block-details-is-layout-flow\"><summary>Dominican Republic<\/summary>\n<ul class=\"wp-block-list\">\n<li><a href=\"https:\/\/www.intec.edu.do\/en\/\" data-type=\"link\" data-id=\"https:\/\/www.intec.edu.do\/en\/\">Instituto Tecnol\u00f3gico de Santo Domingo<\/a><\/li>\n<\/ul>\n<\/details>\n\n\n\n<p><\/p>\n\n\n\n<details class=\"wp-block-details is-layout-flow wp-block-details-is-layout-flow\"><summary>Trinidad and Tobago<\/summary>\n<ul class=\"wp-block-list\">\n<li><a href=\"https:\/\/sta.uwi.edu\/\" data-type=\"link\" data-id=\"https:\/\/sta.uwi.edu\/\">University of the West Indies at St. Augustine<\/a><\/li>\n<\/ul>\n<\/details>\n\n\n\n<p><\/p>\n\n\n\n<h2 class=\"wp-block-heading has-text-color has-link-color wp-elements-10ea9dc0f45fd1e882dff69c8c876fde\" style=\"color:#0878bd\">Our Partners in Europe<\/h2>\n\n\n\n<details class=\"wp-block-details is-layout-flow wp-block-details-is-layout-flow\"><summary>Germany<\/summary>\n<ul class=\"wp-block-list\">\n<li>Bochum &#8211; <a href=\"https:\/\/www.ruhr-uni-bochum.de\/en\" data-type=\"link\" data-id=\"https:\/\/www.ruhr-uni-bochum.de\/en\">Ruhr-Universit\u00e4t Bochum<\/a><\/li>\n\n\n\n<li>Berlin &#8211; <a href=\"https:\/\/www.hu-berlin.de\/en\" data-type=\"link\" data-id=\"https:\/\/www.hu-berlin.de\/en\">Humboldt-Universit\u00e4t zu Berlin<\/a><\/li>\n\n\n\n<li>Bremen &#8211; <a href=\"https:\/\/www.uni-bremen.de\/en\/\" data-type=\"link\" data-id=\"https:\/\/www.uni-bremen.de\/en\/\">Universit\u00e4t Bremen<\/a><\/li>\n\n\n\n<li>Bamberg &#8211; <a href=\"https:\/\/www.uni-bamberg.de\/en\/\" data-type=\"link\" data-id=\"https:\/\/www.uni-bamberg.de\/en\/\">Otto-Friedrich-Universit\u00e4t Bamberg<\/a><\/li>\n\n\n\n<li>Freiburg &#8211; <a href=\"https:\/\/uni-freiburg.de\/en\/\" data-type=\"link\" data-id=\"https:\/\/uni-freiburg.de\/en\/\">Albert-Ludwigs-Universit\u00e4t Freiburg<\/a><\/li>\n\n\n\n<li>Kiel &#8211; <a href=\"https:\/\/www.uni-kiel.de\/en\/\" data-type=\"link\" data-id=\"https:\/\/www.uni-kiel.de\/en\/\">Christian-Albrechts-Universit\u00e4t zu Kiel<\/a><\/li>\n\n\n\n<li>Potsdam &#8211; <a href=\"https:\/\/www.uni-potsdam.de\/en\/university-of-potsdam\" data-type=\"link\" data-id=\"https:\/\/www.uni-potsdam.de\/en\/university-of-potsdam\">Universit\u00e4t Potsdam<\/a><\/li>\n\n\n\n<li>Siegen &#8211; <a href=\"https:\/\/www.uni-siegen.de\/en\" data-type=\"link\" data-id=\"https:\/\/www.uni-siegen.de\/en\">Universit\u00e4t Siegen<\/a><\/li>\n\n\n\n<li>Mainz &#8211; <a href=\"https:\/\/www.uni-mainz.de\/en\/\" data-type=\"link\" data-id=\"https:\/\/www.uni-mainz.de\/en\/\">Johannes Gutenberg-Universit\u00e4t Mainz<\/a><\/li>\n\n\n\n<li>Fulda &#8211; <a href=\"https:\/\/www.hs-fulda.de\/en\/\" data-type=\"link\" data-id=\"https:\/\/www.hs-fulda.de\/en\/\">Hochschule Fulda<\/a><\/li>\n\n\n\n<li>Saarbr\u00fccken &#8211; <a href=\"https:\/\/www.uni-saarland.de\/en\/home.html\" data-type=\"link\" data-id=\"https:\/\/www.uni-saarland.de\/en\/home.html\">Universit\u00e4t des Saarlandes<\/a><\/li>\n\n\n\n<li>Jena &#8211; <a href=\"https:\/\/www.eah-jena.de\/en\/\" data-type=\"link\" data-id=\"https:\/\/www.eah-jena.de\/en\/\">Ernst Abbe Fachhochschule Jena<\/a><\/li>\n\n\n\n<li>Landshut &#8211; <a href=\"https:\/\/www.haw-landshut.de\/en\/\" data-type=\"link\" data-id=\"https:\/\/www.haw-landshut.de\/en\/\">Hochschule Landshut<\/a><\/li>\n\n\n\n<li>Dortmund &#8211; <a href=\"https:\/\/www.fh-dortmund.de\/index.php?loc=en-US\" data-type=\"link\" data-id=\"https:\/\/www.fh-dortmund.de\/index.php?loc=en-US\">Fachhochschule Dortmund<\/a><\/li>\n\n\n\n<li>Wismar &#8211; <a href=\"https:\/\/www.hs-wismar.de\/en\/\" data-type=\"link\" data-id=\"https:\/\/www.hs-wismar.de\/en\/\">Hochschule Wismar<\/a><\/li>\n\n\n\n<li>Ravensburg &#8211; <a href=\"https:\/\/www.dhbw.de\/english\/home\" data-type=\"link\" data-id=\"https:\/\/www.dhbw.de\/english\/home\">Duale Hochschule Baden-W\u00fcrttemberg Ravensburg<\/a><\/li>\n\n\n\n<li>Kaiserslautern &#8211; <a href=\"https:\/\/rptu.de\/en\" data-type=\"link\" data-id=\"https:\/\/rptu.de\/en\">Rheinland-Pf\u00e4lzische Technische Universit\u00e4t Kaiserslautern-Landau<\/a><\/li>\n\n\n\n<li>Halle &#8211; <a href=\"https:\/\/www.uni-halle.de\/?lang=en\" data-type=\"link\" data-id=\"https:\/\/www.uni-halle.de\/?lang=en\">Martin-Luther-Universit\u00e4t Halle-Wittenberg<\/a><\/li>\n\n\n\n<li>Karlsruhe &#8211; <a href=\"https:\/\/en.ph-karlsruhe.de\/\" data-type=\"link\" data-id=\"https:\/\/en.ph-karlsruhe.de\/\">P\u00e4dagogische Hochschule Karlsruhe<\/a><\/li>\n\n\n\n<li>M\u00fcnchen &#8211; <a href=\"https:\/\/www.lmu.de\/en\/\" data-type=\"link\" data-id=\"https:\/\/www.lmu.de\/en\/\">Ludwig-Maximilians-Universit\u00e4t M\u00fcnchen<\/a><\/li>\n\n\n\n<li>G\u00f6ttingen &#8211; <a href=\"https:\/\/uni-goettingen.de\/en\/1.html\" data-type=\"link\" data-id=\"https:\/\/uni-goettingen.de\/en\/1.html\">Georg-August-Universit\u00e4t G\u00f6ttingen<\/a><\/li>\n\n\n\n<li>M\u00fcnchen &#8211; <a href=\"https:\/\/www.tum.de\/en\/\" data-type=\"link\" data-id=\"https:\/\/www.tum.de\/en\/\">Technische Universit\u00e4t M\u00fcnchen (TUM)<\/a><\/li>\n\n\n\n<li>Potsdam &#8211; <a href=\"https:\/\/www.filmuniversitaet.de\/en\/\" data-type=\"link\" data-id=\"https:\/\/www.filmuniversitaet.de\/en\/\">Filmuniversit\u00e4t Babelsberg Konrad Wolf<\/a><\/li>\n\n\n\n<li>M\u00fcnster &#8211; <a href=\"https:\/\/www.uni-muenster.de\/en\/\" data-type=\"link\" data-id=\"https:\/\/www.uni-muenster.de\/en\/\">Universit\u00e4t M\u00fcnster<\/a><\/li>\n\n\n\n<li>T\u00fcbingen &#8211; <a href=\"https:\/\/uni-tuebingen.de\/en\/\" data-type=\"link\" data-id=\"https:\/\/uni-tuebingen.de\/en\/\">Eberhard Karls Universit\u00e4t T\u00fcbingen<\/a><\/li>\n\n\n\n<li>K\u00f6ln &#8211; <a href=\"https:\/\/www.th-koeln.de\/en\/\" data-type=\"link\" data-id=\"https:\/\/www.th-koeln.de\/en\/\">Technische Hochschule K\u00f6ln<\/a><\/li>\n\n\n\n<li>Rostock &#8211; <a href=\"https:\/\/www.uni-rostock.de\/en\/\" data-type=\"link\" data-id=\"https:\/\/www.uni-rostock.de\/en\/\">Universit\u00e4t Rostock<\/a><\/li>\n\n\n\n<li>T\u00fcbingen &#8211; <a href=\"https:\/\/ehk-halle.de\/\" data-type=\"link\" data-id=\"https:\/\/ehk-halle.de\/\">Evangelische Hochschule f\u00fcr Kirchenmusik T\u00fcbingen<\/a><\/li>\n\n\n\n<li>Stralsund &#8211; <a href=\"https:\/\/www.hochschule-stralsund.de\/en\/\" data-type=\"link\" data-id=\"https:\/\/www.hochschule-stralsund.de\/en\/\">Hochschule Stralsund, University of Applied Sciences<\/a><\/li>\n<\/ul>\n\n\n\n<p><\/p>\n<\/details>\n\n\n\n<p><\/p>\n\n\n\n<details class=\"wp-block-details is-layout-flow wp-block-details-is-layout-flow\"><summary>Austria<\/summary>\n<ul class=\"wp-block-list\">\n<li>Graz &#8211; <a href=\"https:\/\/www.uni-graz.at\/en\/\" data-type=\"link\" data-id=\"https:\/\/www.uni-graz.at\/en\/\">Universit\u00e4t Graz<\/a><\/li>\n\n\n\n<li>Wien &#8211; <a href=\"https:\/\/www.univie.ac.at\/en\/\" data-type=\"link\" data-id=\"https:\/\/www.univie.ac.at\/en\/\">Universit\u00e4t Wien<\/a><\/li>\n\n\n\n<li>Wien &#8211; <a href=\"https:\/\/boku.ac.at\/en\/\" data-type=\"link\" data-id=\"https:\/\/boku.ac.at\/en\/\">Universit\u00e4t f\u00fcr Bodenkultur Wien<\/a><\/li>\n<\/ul>\n\n\n\n<p><\/p>\n<\/details>\n\n\n\n<p><\/p>\n\n\n\n<details class=\"wp-block-details is-layout-flow wp-block-details-is-layout-flow\"><summary>Belgium<\/summary>\n<ul class=\"wp-block-list\">\n<li>Braine-le-Comte &#8211; <a href=\"https:\/\/www.helha.be\/implantation\/helha-braine-le-comte\/\" data-type=\"link\" data-id=\"https:\/\/www.helha.be\/implantation\/helha-braine-le-comte\/\">Haute \u00e9cole Louvain en Hainaut de Braine-le-Comte<\/a><\/li>\n\n\n\n<li>Brussel &#8211; <a href=\"https:\/\/www.odisee.be\/en\" data-type=\"link\" data-id=\"https:\/\/www.odisee.be\/en\">Odisee University of Applied Sciences<\/a><\/li>\n\n\n\n<li>Brussel &#8211; <a href=\"https:\/\/www.vub.be\/en\" data-type=\"link\" data-id=\"https:\/\/www.vub.be\/en\">Vrije Universiteit Brussel<\/a><\/li>\n\n\n\n<li>Bruxelles &#8211; <a href=\"https:\/\/www.vinci.be\/en\" data-type=\"link\" data-id=\"https:\/\/www.vinci.be\/en\">Haute Ecole Leonard de Vinci<\/a><\/li>\n\n\n\n<li>Bruxelles &#8211; <a href=\"https:\/\/www.ulb.be\/en\/ulb-homepage\" data-type=\"link\" data-id=\"https:\/\/www.ulb.be\/en\/ulb-homepage\">Universit\u00e9 Libre de Bruxelles<\/a><\/li>\n\n\n\n<li>Bruxelles &#8211; <a href=\"https:\/\/heldb.be\/fr\" data-type=\"link\" data-id=\"https:\/\/heldb.be\/fr\">Haute Ecole Lucia de Brouck\u00e8re (HELDB)<\/a><\/li>\n\n\n\n<li>Gent &#8211; <a href=\"https:\/\/www.arteveldehogeschool.be\/en\" data-type=\"link\" data-id=\"https:\/\/www.arteveldehogeschool.be\/en\">Artevelde University of Applied Sciences<\/a><\/li>\n\n\n\n<li>Libramont &#8211; <a href=\"https:\/\/hers.be\/\" data-type=\"link\" data-id=\"https:\/\/hers.be\/\">Haute Ecole Robert Schuman<\/a><\/li>\n\n\n\n<li>Li\u00e8ge &#8211; <a href=\"https:\/\/hel.be\/\" data-type=\"link\" data-id=\"https:\/\/hel.be\/\">Haute Ecole de la Ville de Li\u00e8ge<\/a><\/li>\n\n\n\n<li>Li\u00e8ge &#8211; <a href=\"https:\/\/www.uliege.be\/cms\/c_8699436\/en\/uliege\" data-type=\"link\" data-id=\"https:\/\/www.uliege.be\/cms\/c_8699436\/en\/uliege\">Universit\u00e9 de Li\u00e8ge<\/a><\/li>\n\n\n\n<li>Louvain-La-Neuve &#8211; <a href=\"https:\/\/www.uclouvain.be\/en\" data-type=\"link\" data-id=\"https:\/\/www.uclouvain.be\/en\">Universit\u00e9 Catholique de Louvain<\/a><\/li>\n\n\n\n<li>Mons &#8211; <a href=\"https:\/\/www.helha.be\/\" data-type=\"link\" data-id=\"https:\/\/www.helha.be\/\">Haute Ecole Louvain en Hainaut<\/a><\/li>\n\n\n\n<li>Mons &#8211; <a href=\"https:\/\/www.condorcet.be\/\" data-type=\"link\" data-id=\"https:\/\/www.condorcet.be\/\">Haute Ecole Provinciale de Hainaut-Condorcet<\/a><\/li>\n\n\n\n<li>Namur &#8211; <a href=\"https:\/\/services.henallux.be\/international\/en\/\" data-type=\"link\" data-id=\"https:\/\/services.henallux.be\/international\/en\/\">Haute \u00c9cole de Namur-Li\u00e8ge-Luxembourg<\/a><\/li>\n\n\n\n<li>Namur &#8211; <a href=\"https:\/\/www.heaj.be\/en\/\" data-type=\"link\" data-id=\"https:\/\/www.heaj.be\/en\/\">Haute Ecole Albert Jacquard<\/a><\/li>\n<\/ul>\n<\/details>\n\n\n\n<p><\/p>\n\n\n\n<details class=\"wp-block-details is-layout-flow wp-block-details-is-layout-flow\"><summary>Spain<\/summary>\n<p>Alcal\u00e1 de Henares &#8211; <a href=\"https:\/\/uah.es\/en\/\" data-type=\"link\" data-id=\"https:\/\/uah.es\/en\/\">Universidad de Alcal\u00e1<\/a><br>Barcelona &#8211; <a href=\"https:\/\/www.uab.cat\/web\/universitat-autonoma-de-barcelona-1345467954774.html\" data-type=\"link\" data-id=\"https:\/\/www.uab.cat\/web\/universitat-autonoma-de-barcelona-1345467954774.html\">Universitat Aut\u00f3noma de Barcelona<\/a><br>Burgos &#8211; <a href=\"https:\/\/www.ubu.es\/english-version\" data-type=\"link\" data-id=\"https:\/\/www.ubu.es\/english-version\">Universidad de Burgos<\/a><br>Granada &#8211; <a href=\"https:\/\/www.ugr.es\/en\" data-type=\"link\" data-id=\"https:\/\/www.ugr.es\/en\">Universidad de Granada<\/a><br>La Laguna &#8211; <a href=\"https:\/\/www.ull.es\/en\/\" data-type=\"link\" data-id=\"https:\/\/www.ull.es\/en\/\">Universidad de la Laguna<\/a><br>Las Palmas de Gran Canaria &#8211; <a href=\"https:\/\/internacional.ulpgc.es\/en\/\" data-type=\"link\" data-id=\"https:\/\/internacional.ulpgc.es\/en\/\">Universidad de Las Palmas de Gran Canaria<\/a><br>Madrid &#8211; <a href=\"https:\/\/www.ucm.es\/english\" data-type=\"link\" data-id=\"https:\/\/www.ucm.es\/english\">Universidad Complutense de Madrid<\/a><br>Valencia &#8211; <a href=\"http:\/\/upv.es\/index-en.html\" data-type=\"link\" data-id=\"http:\/\/upv.es\/index-en.html\">Universitat Polit\u00e8cnica de Val\u00e8ncia<\/a><br>Valencia &#8211; <a href=\"https:\/\/www.uchceu.com\/en\" data-type=\"link\" data-id=\"https:\/\/www.uchceu.com\/en\">Universidad CEU Cardenal Herrera<\/a><br>Valladolid &#8211; <a href=\"https:\/\/universityofvalladolid.uva.es\/\" data-type=\"link\" data-id=\"https:\/\/universityofvalladolid.uva.es\/\">Universidad de Valladolid<\/a><br>Zaragoza &#8211; <a href=\"https:\/\/internacional.unizar.es\/en\/students-in\" data-type=\"link\" data-id=\"https:\/\/internacional.unizar.es\/en\/students-in\">Universidad de Zaragoza<\/a><\/p>\n<\/details>\n\n\n\n<p><\/p>\n\n\n\n<details class=\"wp-block-details is-layout-flow wp-block-details-is-layout-flow\"><summary>Faroe Islands<\/summary>\n<ul class=\"wp-block-list\">\n<li>T\u00f3rshavn &#8211; <a href=\"https:\/\/www.setur.fo\/en\/\" data-type=\"link\" data-id=\"https:\/\/www.setur.fo\/en\/\">Fr\u00f3\u00f0skaparsetur F\u00f8roya<\/a><\/li>\n<\/ul>\n<\/details>\n\n\n\n<p><\/p>\n\n\n\n<details class=\"wp-block-details is-layout-flow wp-block-details-is-layout-flow\"><summary>Ireland<\/summary>\n<ul class=\"wp-block-list\">\n<li>Dublin &#8211; <a href=\"https:\/\/www.ucd.ie\/\" data-type=\"link\" data-id=\"https:\/\/www.ucd.ie\/\">University College Dublin<\/a><\/li>\n<\/ul>\n<\/details>\n\n\n\n<p><\/p>\n\n\n\n<details class=\"wp-block-details is-layout-flow wp-block-details-is-layout-flow\"><summary>Italy<\/summary>\n<ul class=\"wp-block-list\">\n<li>Chieti &#8211; <a href=\"https:\/\/en.unich.it\/\" data-type=\"link\" data-id=\"https:\/\/en.unich.it\/\">Universit\u00e0 degli Studi \u00ab\u00a0G. d\u2019Annunzio\u00a0\u00bb Chieti-Pescara<\/a><\/li>\n\n\n\n<li>Padova &#8211; <a href=\"https:\/\/www.ciels.it\/en\/\" data-type=\"link\" data-id=\"https:\/\/www.ciels.it\/en\/\">Scuola Per Mediatori Linguistici Ciels<\/a><\/li>\n\n\n\n<li>Padova &#8211; <a href=\"https:\/\/www.unipd.it\/en\/\" data-type=\"link\" data-id=\"https:\/\/www.unipd.it\/en\/\">Universit\u00e0 degli Studi di Padova<\/a><\/li>\n\n\n\n<li>Sassari &#8211; <a href=\"https:\/\/www.uniss.it\/en\" data-type=\"link\" data-id=\"https:\/\/www.uniss.it\/en\">Universit\u00e0 degli Studi di Sassari<\/a><\/li>\n\n\n\n<li>Torino &#8211; <a href=\"https:\/\/en.unito.it\/\" data-type=\"link\" data-id=\"https:\/\/en.unito.it\/\">Universit\u00e0 degli Studi di Torino<\/a><\/li>\n\n\n\n<li>Urbino &#8211; <a href=\"https:\/\/www.uniurb.it\/international\" data-type=\"link\" data-id=\"https:\/\/www.uniurb.it\/international\">Universit\u00e0 degli Studi di Urbino &lsquo;Carlo Bo&rsquo;<\/a><\/li>\n\n\n\n<li>Verona &#8211; <a href=\"https:\/\/www.univr.it\/en\/international#\" data-type=\"link\" data-id=\"https:\/\/www.univr.it\/en\/international#\">Universit\u00e0 degli Studi di Verona<\/a><\/li>\n<\/ul>\n<\/details>\n\n\n\n<p><\/p>\n\n\n\n<details class=\"wp-block-details is-layout-flow wp-block-details-is-layout-flow\"><summary>Poland<\/summary>\n<ul class=\"wp-block-list\">\n<li>Poznan &#8211; <a href=\"https:\/\/amu.edu.pl\/en\" data-type=\"link\" data-id=\"https:\/\/amu.edu.pl\/en\">Uniwersytet Im. Adama Mickiewicza<\/a><\/li>\n\n\n\n<li>Wroclaw &#8211; <a href=\"https:\/\/uwr.edu.pl\/en\/\" data-type=\"link\" data-id=\"https:\/\/uwr.edu.pl\/en\/\">Uniwersytet Wroclawski<\/a><\/li>\n<\/ul>\n<\/details>\n\n\n\n<p><\/p>\n\n\n\n<details class=\"wp-block-details is-layout-flow wp-block-details-is-layout-flow\"><summary>Portugal<\/summary>\n<ul class=\"wp-block-list\">\n<li>Braga &#8211; <a href=\"https:\/\/www.uminho.pt\/EN\" data-type=\"link\" data-id=\"https:\/\/www.uminho.pt\/EN\">Universidade do Minho<\/a><\/li>\n\n\n\n<li>Coimbra &#8211; <a href=\"https:\/\/www.uc.pt\/en\/\" data-type=\"link\" data-id=\"https:\/\/www.uc.pt\/en\/\">Universidade de Coimbra<\/a><\/li>\n\n\n\n<li>Ponta Delgada &#8211; <a href=\"https:\/\/international.uac.pt\/\" data-type=\"link\" data-id=\"https:\/\/international.uac.pt\/\">Universidade dos A\u00e7ores<\/a><\/li>\n<\/ul>\n<\/details>\n\n\n\n<p><\/p>\n\n\n\n<details class=\"wp-block-details is-layout-flow wp-block-details-is-layout-flow\"><summary>Czech Republic<\/summary>\n<ul class=\"wp-block-list\">\n<li>Brno &#8211; <a href=\"https:\/\/www.muni.cz\/en\" data-type=\"link\" data-id=\"https:\/\/www.muni.cz\/en\">Masaryk University<\/a><\/li>\n\n\n\n<li>Olomouc &#8211; <a href=\"https:\/\/www.upol.cz\/en\/\" data-type=\"link\" data-id=\"https:\/\/www.upol.cz\/en\/\">Univerzita Palack\u00e9ho v Olomouci<\/a><\/li>\n\n\n\n<li>Praha &#8211; <a href=\"https:\/\/www.czu.cz\/en\" data-type=\"link\" data-id=\"https:\/\/www.czu.cz\/en\">\u010cesk\u00e1 Zem\u011bd\u011blsk\u00e1 Univerzita v Praze<\/a><\/li>\n\n\n\n<li>Zlin &#8211; <a href=\"https:\/\/www.utb.cz\/en\/\" data-type=\"link\" data-id=\"https:\/\/www.utb.cz\/en\/\">Univerzita Tom\u00e1se Bati Ve Zline<\/a><\/li>\n<\/ul>\n<\/details>\n\n\n\n<p><\/p>\n\n\n\n<details class=\"wp-block-details is-layout-flow wp-block-details-is-layout-flow\"><summary>Romania<\/summary>\n<ul class=\"wp-block-list\">\n<li>Bucuresti &#8211; <a href=\"https:\/\/en.ase.ro\/index_en.asp\" data-type=\"link\" data-id=\"https:\/\/en.ase.ro\/index_en.asp\">Academia de Studii Economice din Bucuresti<\/a><\/li>\n\n\n\n<li>Bucure\u015fti &#8211; <a href=\"https:\/\/upb.ro\/en\/\" data-type=\"link\" data-id=\"https:\/\/upb.ro\/en\/\">UNIVERSITATEA NATIONALA DE STIINTA SI TEHNOLOGIE POLITEHNICA BUCURESTI<\/a><\/li>\n\n\n\n<li>Cluj-Napoca &#8211; <a href=\"https:\/\/www.ubbcluj.ro\/en\/\" data-type=\"link\" data-id=\"https:\/\/www.ubbcluj.ro\/en\/\">Universitatea Babes-Bolyai din Cluj-Napoca<\/a><\/li>\n\n\n\n<li>Galati &#8211; <a href=\"https:\/\/ugal.ro\/\" data-type=\"link\" data-id=\"https:\/\/ugal.ro\/\">Universitatea &lsquo;Dunarea de Jos&rsquo; din Galati<\/a><\/li>\n\n\n\n<li>Oradea &#8211; <a href=\"https:\/\/www.uoradea.ro\/en\/\" data-type=\"link\" data-id=\"https:\/\/www.uoradea.ro\/en\/\">Universitatea din Oradea<\/a><\/li>\n\n\n\n<li>Suceava &#8211; <a href=\"https:\/\/usv.ro\/en\/homepage\/\" data-type=\"link\" data-id=\"https:\/\/usv.ro\/en\/homepage\/\">Universitatea &lsquo;Stefan Cel Mare&rsquo; din Suceava<\/a><\/li>\n<\/ul>\n<\/details>\n\n\n\n<p><\/p>\n\n\n\n<details class=\"wp-block-details is-layout-flow wp-block-details-is-layout-flow\"><summary>United Kingdom<\/summary>\n<ul class=\"wp-block-list\">\n<li>Bath &#8211; <a href=\"https:\/\/www.bath.ac.uk\/\" data-type=\"link\" data-id=\"https:\/\/www.bath.ac.uk\/\">University of Bath<\/a><\/li>\n\n\n\n<li>Cambridge &#8211; <a href=\"https:\/\/www.cam.ac.uk\/\" data-type=\"link\" data-id=\"https:\/\/www.cam.ac.uk\/\">University of Cambridge<\/a><\/li>\n\n\n\n<li>Coventry &#8211; <a href=\"https:\/\/warwick.ac.uk\/\" data-type=\"link\" data-id=\"https:\/\/warwick.ac.uk\/\">The University of Warwick<\/a><\/li>\n\n\n\n<li>London &#8211; <a href=\"https:\/\/www.kcl.ac.uk\/\" data-type=\"link\" data-id=\"https:\/\/www.kcl.ac.uk\/\">King&rsquo;s College London<\/a><\/li>\n\n\n\n<li>Nottingham &#8211; <a href=\"https:\/\/www.nottingham.ac.uk\/\" data-type=\"link\" data-id=\"https:\/\/www.nottingham.ac.uk\/\">The University of Nottingham<\/a><\/li>\n<\/ul>\n\n\n\n<p><\/p>\n<\/details>\n\n\n\n<p><\/p>\n\n\n\n<details class=\"wp-block-details is-layout-flow wp-block-details-is-layout-flow\"><summary>Serbia<\/summary>\n<ul class=\"wp-block-list\">\n<li>Novi Sad &#8211; <a href=\"https:\/\/www.uns.ac.rs\/index.php\/en\/\" data-type=\"link\" data-id=\"https:\/\/www.uns.ac.rs\/index.php\/en\/\">University of Novi Sad<\/a><\/li>\n<\/ul>\n<\/details>\n\n\n\n<p><\/p>\n\n\n\n<details class=\"wp-block-details is-layout-flow wp-block-details-is-layout-flow\"><summary>Slovakia<\/summary>\n<ul class=\"wp-block-list\">\n<li>Bratislava &#8211; <a href=\"https:\/\/uniba.sk\/en\/\" data-type=\"link\" data-id=\"https:\/\/uniba.sk\/en\/\">Univerzita Komensk\u00e9ho v Bratislave<\/a><\/li>\n<\/ul>\n<\/details>\n\n\n\n<p><\/p>\n\n\n\n<details class=\"wp-block-details is-layout-flow wp-block-details-is-layout-flow\"><summary>Switzerland<\/summary>\n<ul class=\"wp-block-list\">\n<li>Bern &#8211; <a href=\"https:\/\/www.phbern.ch\/studium\/rund-ums-studieren\/international\" data-type=\"link\" data-id=\"https:\/\/www.phbern.ch\/studium\/rund-ums-studieren\/international\">P\u00e4dagogische Hochschule Bern<\/a><\/li>\n\n\n\n<li>Fribourg &#8211; <a href=\"https:\/\/www.unifr.ch\/home\/en\/\" data-type=\"link\" data-id=\"https:\/\/www.unifr.ch\/home\/en\/\">Haute Ecole P\u00e9dagogique Fribourgeoise<\/a> (Universit\u00e9 de Fribourg)<\/li>\n\n\n\n<li>Geneve &#8211; <a href=\"https:\/\/www.hes-so.ch\/en\/homepage\" data-type=\"link\" data-id=\"https:\/\/www.hes-so.ch\/en\/homepage\">Haute Ecole Specialis\u00e9e de Suisse Occidentale<\/a><\/li>\n\n\n\n<li>Kreuzlingen &#8211; <a href=\"https:\/\/phtg.ch\/studium\/international\/international-eng\" data-type=\"link\" data-id=\"https:\/\/phtg.ch\/studium\/international\/international-eng\">P\u00e4dagogische Hochschule Thurgau<\/a><\/li>\n\n\n\n<li>Lausanne &#8211; <a href=\"https:\/\/www.unil.ch\/unil\/en\/home.html\" data-type=\"link\" data-id=\"https:\/\/www.unil.ch\/unil\/en\/home.html\">Universit\u00e9 de Lausanne<\/a><\/li>\n\n\n\n<li>Lausanne &#8211; <a href=\"https:\/\/www.hepl.ch\/accueil\/acces-rapide\/international.html\" data-type=\"link\" data-id=\"https:\/\/www.hepl.ch\/accueil\/acces-rapide\/international.html\">Haute \u00c9cole P\u00e9dagogique du Canton de Vaud<\/a><\/li>\n<\/ul>\n\n\n\n<p><\/p>\n<\/details>\n\n\n\n<p><\/p>\n\n\n\n<details class=\"wp-block-details is-layout-flow wp-block-details-is-layout-flow\"><summary>Turkey<\/summary>\n<ul class=\"wp-block-list\">\n<li>Ankara &#8211; <a href=\"https:\/\/www.ankara.edu.tr\/en\/index\" data-type=\"link\" data-id=\"https:\/\/www.ankara.edu.tr\/en\/index\">Universit\u00e9 d&rsquo;Ankara<\/a><\/li>\n<\/ul>\n<\/details>\n\n\n\n<p><\/p>\n\n\n\n<h2 class=\"wp-block-heading has-text-color has-link-color wp-elements-c756829fa4caa731898aeed4b593b2e4\" style=\"color:#0878bd\">Our Partners in the Rest of the World<\/h2>\n\n\n\n<details class=\"wp-block-details is-layout-flow wp-block-details-is-layout-flow\"><summary>Colombia<\/summary>\n<ul class=\"wp-block-list\">\n<li>Bogot\u00e1 &#8211; <a href=\"https:\/\/unal.edu.co\/\" data-type=\"link\" data-id=\"https:\/\/unal.edu.co\/\">Universidad Nacional de Colombia<\/a><\/li>\n<\/ul>\n<\/details>\n\n\n\n<p><\/p>\n\n\n\n<details class=\"wp-block-details is-layout-flow wp-block-details-is-layout-flow\"><summary>United States<\/summary>\n<ul class=\"wp-block-list\">\n<li>Atlanta &#8211; <a href=\"https:\/\/www.gsu.edu\/\" data-type=\"link\" data-id=\"https:\/\/www.gsu.edu\/\">Georgia State University<\/a><\/li>\n\n\n\n<li>Baton Rouge &#8211; <a href=\"https:\/\/www.lsu.edu\/\" data-type=\"link\" data-id=\"https:\/\/www.lsu.edu\/\">Louisiana State University<\/a> (LSU)<\/li>\n\n\n\n<li>Tallahassee &#8211; <a href=\"https:\/\/www.fsu.edu\/\" data-type=\"link\" data-id=\"https:\/\/www.fsu.edu\/\">Florida State University<\/a><\/li>\n\n\n\n<li>Washington DC &#8211; <a href=\"https:\/\/howard.edu\/\" data-type=\"link\" data-id=\"https:\/\/howard.edu\/\">Howard University<\/a><\/li>\n<\/ul>\n\n\n\n<p><\/p>\n<\/details>\n\n\n\n<p><\/p>\n\n\n\n<p><\/p>\n","protected":false},"excerpt":{"rendered":"<p>To be eligible for an exchange study stay at the University of the Antilles, you must first ensure that your institution is a partner of the UA. If it is, please contact your home institution&rsquo;s international relations office to find out about the specific application procedures. Our Partners in the Caribbean Region Our Partners in [&hellip;]<\/p>\n","protected":false},"author":2,"featured_media":0,"parent":223,"menu_order":0,"comment_status":"closed","ping_status":"closed","template":"","meta":{"footnotes":""},"class_list":["post-942","page","type-page","status-publish","hentry"],"_links":{"self":[{"href":"https:\/\/bri.univ-antilles.fr\/newsite\/index.php\/wp-json\/wp\/v2\/pages\/942","targetHints":{"allow":["GET"]}}],"collection":[{"href":"https:\/\/bri.univ-antilles.fr\/newsite\/index.php\/wp-json\/wp\/v2\/pages"}],"about":[{"href":"https:\/\/bri.univ-antilles.fr\/newsite\/index.php\/wp-json\/wp\/v2\/types\/page"}],"author":[{"embeddable":true,"href":"https:\/\/bri.univ-antilles.fr\/newsite\/index.php\/wp-json\/wp\/v2\/users\/2"}],"replies":[{"embeddable":true,"href":"https:\/\/bri.univ-antilles.fr\/newsite\/index.php\/wp-json\/wp\/v2\/comments?post=942"}],"version-history":[{"count":2,"href":"https:\/\/bri.univ-antilles.fr\/newsite\/index.php\/wp-json\/wp\/v2\/pages\/942\/revisions"}],"predecessor-version":[{"id":1026,"href":"https:\/\/bri.univ-antilles.fr\/newsite\/index.php\/wp-json\/wp\/v2\/pages\/942\/revisions\/1026"}],"up":[{"embeddable":true,"href":"https:\/\/bri.univ-antilles.fr\/newsite\/index.php\/wp-json\/wp\/v2\/pages\/223"}],"wp:attachment":[{"href":"https:\/\/bri.univ-antilles.fr\/newsite\/index.php\/wp-json\/wp\/v2\/media?parent=942"}],"curies":[{"name":"wp","href":"https:\/\/api.w.org\/{rel}","templated":true}]}}