{"id":447,"date":"2025-11-19T17:07:31","date_gmt":"2025-11-19T16:07:31","guid":{"rendered":"https:\/\/bri.univ-antilles.fr\/newsite\/?page_id=447"},"modified":"2025-11-20T12:51:28","modified_gmt":"2025-11-20T11:51:28","slug":"archipel-ua","status":"publish","type":"page","link":"https:\/\/bri.univ-antilles.fr\/newsite\/index.php\/archipel-ua\/","title":{"rendered":"Archipel UA"},"content":{"rendered":"\n<figure class=\"wp-block-image size-large is-resized\"><img decoding=\"async\" src=\"https:\/\/bri.univ-antilles.fr\/newsite\/wp-content\/uploads\/2025\/10\/Archipel_UA_-1024x542.jpg\" alt=\"\" class=\"wp-image-109\" style=\"width:451px;height:auto\"\/><\/figure>\n\n\n\n<h2 class=\"wp-block-heading has-vivid-cyan-blue-color has-text-color has-link-color wp-elements-841b3da13b32415ea6ea486fcec11fa7\">Mobilit\u00e9 dans la Cara\u00efbe<\/h2>\n\n\n\n<p>Le programme <strong>Archipel UA<\/strong> renforce l\u2019ancrage r\u00e9gional de l\u2019UA dans la Grande Cara\u00efbe en proposant aux \u00e9tudiants une exp\u00e9rience internationale dans leur environnement r\u00e9gional. Il exploite la position privil\u00e9gi\u00e9e de l\u2019UA entre les mondes latino-am\u00e9ricain, anglo-saxon et europ\u00e9en pour d\u00e9velopper :<\/p>\n\n\n\n<ul class=\"wp-block-list\">\n<li>Comp\u00e9tences linguistiques<\/li>\n\n\n\n<li>R\u00e9seaux professionnels<\/li>\n\n\n\n<li>Compr\u00e9hension culturelle<\/li>\n\n\n\n<li>Expertise r\u00e9gionale<\/li>\n<\/ul>\n\n\n\n<h3 class=\"wp-block-heading has-luminous-vivid-orange-color has-text-color has-link-color wp-elements-5e05fa441a271350c4bd28e5e067ef70\">Format et modalit\u00e9s<\/h3>\n\n\n\n<p>Deux formats de mobilit\u00e9 possibles :<\/p>\n\n\n\n<ul class=\"wp-block-list\">\n<li>Mobilit\u00e9 acad\u00e9mique<\/li>\n\n\n\n<li>Mobilit\u00e9 de stages<\/li>\n<\/ul>\n\n\n\n<p>Destinations propos\u00e9es : R\u00e9publique Dominicaine, Sainte Lucie, Jama\u00efque, Barbade, Ha\u00efti, Cuba et autres \u00eeles carib\u00e9ennes, en s\u2019appuyant sur un r\u00e9seau de partenaires acad\u00e9miques et professionnels.<\/p>\n\n\n\n<h3 class=\"wp-block-heading has-luminous-vivid-orange-color has-text-color has-link-color wp-elements-fb1d49d98f03750dd46bd98667588f95\">Public cible et dur\u00e9e<\/h3>\n\n\n\n<p>Ouvert \u00e0 tous les \u00e9tudiants de l\u2019UA, pour des mobilit\u00e9s de 2 \u00e0 6 mois, permettant une immersion significative compatible avec le calendrier universitaire.<\/p>\n\n\n\n<h3 class=\"wp-block-heading has-luminous-vivid-orange-color has-text-color has-link-color wp-elements-b9b80455cf8b19541445d6926e60b98e\">Calendrier et financement<\/h3>\n\n\n\n<p>Le programme b\u00e9n\u00e9ficie de plusieurs sources de financements compl\u00e9mentaires :<\/p>\n\n\n\n<ul class=\"wp-block-list\">\n<li>Erasmus+ Cara\u00efbes &#8211; KA171<\/li>\n\n\n\n<li>l\u2019Aide \u00e0 la Mobilit\u00e9 Internationale (AMI) pour les \u00e9tudiants boursiers<\/li>\n\n\n\n<li>D\u00e9partement de Guadeloupe (stages)<\/li>\n\n\n\n<li>Dispositifs sp\u00e9cifiques LADOM<\/li>\n<\/ul>\n\n\n\n<p><a href=\"https:\/\/bri.univ-antilles.fr\/newsite\/index.php\/partir-a-letranger\/nos-programmes\/\" data-type=\"link\" data-id=\"https:\/\/bri.univ-antilles.fr\/newsite\/index.php\/partir-a-letranger\/nos-programmes\/\">Retour<\/a><\/p>\n","protected":false},"excerpt":{"rendered":"<p>Mobilit\u00e9 dans la Cara\u00efbe Le programme Archipel UA renforce l\u2019ancrage r\u00e9gional de l\u2019UA dans la Grande Cara\u00efbe en proposant aux \u00e9tudiants une exp\u00e9rience internationale dans leur environnement r\u00e9gional. Il exploite la position privil\u00e9gi\u00e9e de l\u2019UA entre les mondes latino-am\u00e9ricain, anglo-saxon et europ\u00e9en pour d\u00e9velopper : Format et modalit\u00e9s Deux formats de mobilit\u00e9 possibles : Destinations [&hellip;]<\/p>\n","protected":false},"author":2,"featured_media":0,"parent":0,"menu_order":0,"comment_status":"closed","ping_status":"closed","template":"","meta":{"footnotes":""},"class_list":["post-447","page","type-page","status-publish","hentry"],"_links":{"self":[{"href":"https:\/\/bri.univ-antilles.fr\/newsite\/index.php\/wp-json\/wp\/v2\/pages\/447","targetHints":{"allow":["GET"]}}],"collection":[{"href":"https:\/\/bri.univ-antilles.fr\/newsite\/index.php\/wp-json\/wp\/v2\/pages"}],"about":[{"href":"https:\/\/bri.univ-antilles.fr\/newsite\/index.php\/wp-json\/wp\/v2\/types\/page"}],"author":[{"embeddable":true,"href":"https:\/\/bri.univ-antilles.fr\/newsite\/index.php\/wp-json\/wp\/v2\/users\/2"}],"replies":[{"embeddable":true,"href":"https:\/\/bri.univ-antilles.fr\/newsite\/index.php\/wp-json\/wp\/v2\/comments?post=447"}],"version-history":[{"count":2,"href":"https:\/\/bri.univ-antilles.fr\/newsite\/index.php\/wp-json\/wp\/v2\/pages\/447\/revisions"}],"predecessor-version":[{"id":477,"href":"https:\/\/bri.univ-antilles.fr\/newsite\/index.php\/wp-json\/wp\/v2\/pages\/447\/revisions\/477"}],"wp:attachment":[{"href":"https:\/\/bri.univ-antilles.fr\/newsite\/index.php\/wp-json\/wp\/v2\/media?parent=447"}],"curies":[{"name":"wp","href":"https:\/\/api.w.org\/{rel}","templated":true}]}}