{"id":444,"date":"2025-11-19T17:05:43","date_gmt":"2025-11-19T16:05:43","guid":{"rendered":"https:\/\/bri.univ-antilles.fr\/newsite\/?page_id=444"},"modified":"2026-03-24T14:51:41","modified_gmt":"2026-03-24T13:51:41","slug":"itineraires-ua","status":"publish","type":"page","link":"https:\/\/bri.univ-antilles.fr\/newsite\/index.php\/itineraires-ua\/","title":{"rendered":"Itin\u00e9raires UA"},"content":{"rendered":"\n<figure class=\"wp-block-image size-full is-resized\"><img decoding=\"async\" src=\"https:\/\/bri.univ-antilles.fr\/newsite\/wp-content\/uploads\/2026\/03\/Bannieres-ItineraireUA.jpg\" alt=\"\" class=\"wp-image-881\" style=\"width:588px\"\/><\/figure>\n\n\n\n<h2 class=\"wp-block-heading has-text-color has-link-color wp-elements-3b0109d190ee3a00ea21623282f387de\" style=\"color:#17365c\">Immersion acad\u00e9mique prolong\u00e9e<\/h2>\n\n\n\n<p>Le programme<strong> Itin\u00e9raires UA<\/strong> repr\u00e9sente une \u00e9tape plus approfondie dans le parcours international des \u00e9tudiants en proposant une immersion de longue dur\u00e9e dans un \u00e9tablissement d\u2019enseignement sup\u00e9rieur \u00e9tranger partenaire.<br>Il permet un d\u00e9veloppement des comp\u00e9tences acad\u00e9miques, linguistiques et interculturelles en<\/p>\n\n\n\n<ul class=\"wp-block-list\">\n<li>Approfondissant ses connaissances disciplinaires dans un contexte diff\u00e9rent<\/li>\n\n\n\n<li>Ma\u00eetrisant une langue \u00e9trang\u00e8re<\/li>\n\n\n\n<li>Cultivant l\u2019autonomie et l\u2019adaptabilit\u00e9<\/li>\n\n\n\n<li>Construisant un r\u00e9seau international<\/li>\n\n\n\n<li>Valorisant son CV<\/li>\n<\/ul>\n\n\n\n<h3 class=\"wp-block-heading has-text-color has-link-color wp-elements-36b7d78df85ac9f7a0eecc67981756d6\" style=\"color:#0878bd\">Format et modalit\u00e9s<\/h3>\n\n\n\n<p>Immersion de longue dur\u00e9e dans un \u00e9tablissement d\u2019enseignement sup\u00e9rieur \u00e9tranger partenaire. Ces mobilit\u00e9s s\u2019effectuent exclusivement dans le cadre de partenariats interinstitutionnels, garantissant ainsi la qualit\u00e9 acad\u00e9mique et la reconnaissance des acquis.<\/p>\n\n\n\n<h3 class=\"wp-block-heading has-text-color has-link-color wp-elements-69964883aeaee800f9bb22f1cbbffae1\" style=\"color:#0878bd\">Public cible et dur\u00e9e<\/h3>\n\n\n\n<p>S\u2019adresse \u00e0 tous les \u00e9tudiants de l\u2019UA souhaitant effectuer une mobilit\u00e9 d\u2019un semestre ou d\u2019une ann\u00e9e universitaire, avec des dur\u00e9es de s\u00e9jour de 2 \u00e0 12 mois.<\/p>\n\n\n\n<h3 class=\"wp-block-heading has-text-color has-link-color wp-elements-1106df1248c96b49f127d8d576a28515\" style=\"color:#0878bd\">Calendrier et financement<\/h3>\n\n\n\n<p>Une seule campagne annuelle est organis\u00e9e, s\u2019\u00e9tendant d\u2019octobre \u00e0 janvier,pour des d\u00e9part pr\u00e9vus au second semestre de l\u2019ann\u00e9e en cours ou au d\u00e9but de l\u2019ann\u00e9e suivante.<br>Le programme b\u00e9n\u00e9ficie de plusieurs sources de financements compl\u00e9mentaires :<\/p>\n\n\n\n<ul class=\"wp-block-list\">\n<li>Erasmus+ (pour les mobilit\u00e9s en Europe),<\/li>\n\n\n\n<li>l\u2019Aide \u00e0 la Mobilit\u00e9 Internationale (AMI) pour les \u00e9tudiants boursiers.<\/li>\n<\/ul>\n\n\n\n<p><a href=\"https:\/\/bri.univ-antilles.fr\/newsite\/index.php\/partir-a-letranger\/nos-programmes\/\" data-type=\"link\" data-id=\"https:\/\/bri.univ-antilles.fr\/newsite\/index.php\/partir-a-letranger\/nos-programmes\/\">Retour<\/a><\/p>\n","protected":false},"excerpt":{"rendered":"<p>Immersion acad\u00e9mique prolong\u00e9e Le programme Itin\u00e9raires UA repr\u00e9sente une \u00e9tape plus approfondie dans le parcours international des \u00e9tudiants en proposant une immersion de longue dur\u00e9e dans un \u00e9tablissement d\u2019enseignement sup\u00e9rieur \u00e9tranger partenaire.Il permet un d\u00e9veloppement des comp\u00e9tences acad\u00e9miques, linguistiques et interculturelles en Format et modalit\u00e9s Immersion de longue dur\u00e9e dans un \u00e9tablissement d\u2019enseignement sup\u00e9rieur \u00e9tranger [&hellip;]<\/p>\n","protected":false},"author":2,"featured_media":0,"parent":0,"menu_order":0,"comment_status":"closed","ping_status":"closed","template":"","meta":{"footnotes":""},"class_list":["post-444","page","type-page","status-publish","hentry"],"_links":{"self":[{"href":"https:\/\/bri.univ-antilles.fr\/newsite\/index.php\/wp-json\/wp\/v2\/pages\/444","targetHints":{"allow":["GET"]}}],"collection":[{"href":"https:\/\/bri.univ-antilles.fr\/newsite\/index.php\/wp-json\/wp\/v2\/pages"}],"about":[{"href":"https:\/\/bri.univ-antilles.fr\/newsite\/index.php\/wp-json\/wp\/v2\/types\/page"}],"author":[{"embeddable":true,"href":"https:\/\/bri.univ-antilles.fr\/newsite\/index.php\/wp-json\/wp\/v2\/users\/2"}],"replies":[{"embeddable":true,"href":"https:\/\/bri.univ-antilles.fr\/newsite\/index.php\/wp-json\/wp\/v2\/comments?post=444"}],"version-history":[{"count":6,"href":"https:\/\/bri.univ-antilles.fr\/newsite\/index.php\/wp-json\/wp\/v2\/pages\/444\/revisions"}],"predecessor-version":[{"id":891,"href":"https:\/\/bri.univ-antilles.fr\/newsite\/index.php\/wp-json\/wp\/v2\/pages\/444\/revisions\/891"}],"wp:attachment":[{"href":"https:\/\/bri.univ-antilles.fr\/newsite\/index.php\/wp-json\/wp\/v2\/media?parent=444"}],"curies":[{"name":"wp","href":"https:\/\/api.w.org\/{rel}","templated":true}]}}