{"id":436,"date":"2025-11-19T16:59:36","date_gmt":"2025-11-19T15:59:36","guid":{"rendered":"https:\/\/bri.univ-antilles.fr\/newsite\/?page_id=436"},"modified":"2026-03-03T20:39:48","modified_gmt":"2026-03-03T19:39:48","slug":"horizon-ua","status":"publish","type":"page","link":"https:\/\/bri.univ-antilles.fr\/newsite\/index.php\/horizon-ua\/","title":{"rendered":"Horizon UA"},"content":{"rendered":"\n<figure class=\"wp-block-image size-full is-resized\"><img decoding=\"async\" src=\"https:\/\/bri.univ-antilles.fr\/newsite\/wp-content\/uploads\/2026\/03\/Visuel_HorizonUA.jpg\" alt=\"\" class=\"wp-image-675\" style=\"width:382px;height:auto\"\/><\/figure>\n\n\n\n<h2 class=\"wp-block-heading has-vivid-cyan-blue-color has-text-color has-link-color wp-elements-4e3d7b668b332be6522a7a95d8ad3147\">Premi\u00e8re immersion \u00e0 l\u2019international<\/h2>\n\n\n\n<p>Le programme<strong> Horizons UA<\/strong> constitue une porte d\u2019entr\u00e9e id\u00e9ale vers l\u2019international pour les \u00e9tudiants n\u2019ayant jamais eu l\u2018opportunit\u00e9 de voyage dans un cadre acad\u00e9mique. Ce dispositif propose des s\u00e9jours courts mais intensifs permettant d\u2019acqu\u00e9rir une premi\u00e8re exp\u00e9rience \u00e0 l\u2019\u00e9tranger dans un environnement s\u00e9curis\u00e9 et encadr\u00e9.<\/p>\n\n\n\n<h3 class=\"wp-block-heading has-luminous-vivid-orange-color has-text-color has-link-color wp-elements-bf9f7339f58d3f133de95ec7b8e4fdcc\">Format et Modalit\u00e9s<\/h3>\n\n\n\n<p>Voyages d\u2019\u00e9tudes p\u00e9dagogiques collectifs, encadr\u00e9s par des enseignants-chercheurs. Les \u00e9tudiants b\u00e9n\u00e9ficient d\u2019un accompagnement permanent et d\u2019une programmation adapt\u00e9e \u00e0 leurs fili\u00e8res d\u2019\u00e9tudes. Ces programmes peuvent inclure : <\/p>\n\n\n\n<ul class=\"wp-block-list\">\n<li>Cours sp\u00e9cialis\u00e9s,<\/li>\n\n\n\n<li>Ateliers pratiques et participatifs,<\/li>\n\n\n\n<li>Visites th\u00e9matiques en lien avec la discipline.<\/li>\n<\/ul>\n\n\n\n<h3 class=\"wp-block-heading has-luminous-vivid-orange-color has-text-color has-link-color wp-elements-fb1d49d98f03750dd46bd98667588f95\">Public cible et dur\u00e9e<\/h3>\n\n\n\n<p>Ouvert \u00e0 tous les \u00e9tudiants de l\u2019UA, toutes fili\u00e8res confondues. S\u00e9jours de 5 \u00e0 30 jours, dur\u00e9e id\u00e9ale pour une premi\u00e8re immersion \u00e0 l\u2019international sans impact significatif sur le calendrier universitaire.<\/p>\n\n\n\n<h3 class=\"wp-block-heading has-luminous-vivid-orange-color has-text-color has-link-color wp-elements-b9b80455cf8b19541445d6926e60b98e\">Calendrier et financement<\/h3>\n\n\n\n<p>Deux campagnes de s\u00e9lection organis\u00e9es en juin et en novembre, permettant une grande flexibilit\u00e9 dans la planification des s\u00e9jours et offrant plusieurs opportunit\u00e9s de candidater sur une m\u00eame ann\u00e9e universitaire. Le financement est assur\u00e9 dans le cadre du programme Erasmus+, volet mobilit\u00e9 courte.<\/p>\n\n\n\n<p><a href=\"https:\/\/bri.univ-antilles.fr\/newsite\/index.php\/partir-a-letranger\/nos-programmes\/\" data-type=\"link\" data-id=\"https:\/\/bri.univ-antilles.fr\/newsite\/index.php\/partir-a-letranger\/nos-programmes\/\">Retour<\/a><\/p>\n","protected":false},"excerpt":{"rendered":"<p>Premi\u00e8re immersion \u00e0 l\u2019international Le programme Horizons UA constitue une porte d\u2019entr\u00e9e id\u00e9ale vers l\u2019international pour les \u00e9tudiants n\u2019ayant jamais eu l\u2018opportunit\u00e9 de voyage dans un cadre acad\u00e9mique. Ce dispositif propose des s\u00e9jours courts mais intensifs permettant d\u2019acqu\u00e9rir une premi\u00e8re exp\u00e9rience \u00e0 l\u2019\u00e9tranger dans un environnement s\u00e9curis\u00e9 et encadr\u00e9. Format et Modalit\u00e9s Voyages d\u2019\u00e9tudes p\u00e9dagogiques [&hellip;]<\/p>\n","protected":false},"author":2,"featured_media":0,"parent":0,"menu_order":0,"comment_status":"closed","ping_status":"closed","template":"","meta":{"footnotes":""},"class_list":["post-436","page","type-page","status-publish","hentry"],"_links":{"self":[{"href":"https:\/\/bri.univ-antilles.fr\/newsite\/index.php\/wp-json\/wp\/v2\/pages\/436","targetHints":{"allow":["GET"]}}],"collection":[{"href":"https:\/\/bri.univ-antilles.fr\/newsite\/index.php\/wp-json\/wp\/v2\/pages"}],"about":[{"href":"https:\/\/bri.univ-antilles.fr\/newsite\/index.php\/wp-json\/wp\/v2\/types\/page"}],"author":[{"embeddable":true,"href":"https:\/\/bri.univ-antilles.fr\/newsite\/index.php\/wp-json\/wp\/v2\/users\/2"}],"replies":[{"embeddable":true,"href":"https:\/\/bri.univ-antilles.fr\/newsite\/index.php\/wp-json\/wp\/v2\/comments?post=436"}],"version-history":[{"count":4,"href":"https:\/\/bri.univ-antilles.fr\/newsite\/index.php\/wp-json\/wp\/v2\/pages\/436\/revisions"}],"predecessor-version":[{"id":683,"href":"https:\/\/bri.univ-antilles.fr\/newsite\/index.php\/wp-json\/wp\/v2\/pages\/436\/revisions\/683"}],"wp:attachment":[{"href":"https:\/\/bri.univ-antilles.fr\/newsite\/index.php\/wp-json\/wp\/v2\/media?parent=436"}],"curies":[{"name":"wp","href":"https:\/\/api.w.org\/{rel}","templated":true}]}}