{"id":235,"date":"2025-11-04T19:17:58","date_gmt":"2025-11-04T18:17:58","guid":{"rendered":"https:\/\/bri.univ-antilles.fr\/newsite\/?page_id=235"},"modified":"2026-03-05T12:45:29","modified_gmt":"2026-03-05T11:45:29","slug":"contacter-la-dri","status":"publish","type":"page","link":"https:\/\/bri.univ-antilles.fr\/newsite\/index.php\/contacter-la-dri\/","title":{"rendered":"Notre \u00e9quipe"},"content":{"rendered":"\n<p>La Direction des relations internationales (DRI) est pr\u00e9sente sur les p\u00f4les Guadeloupe et Martinique.<\/p>\n\n\n\n<h3 class=\"wp-block-heading has-vivid-cyan-blue-color has-text-color has-link-color wp-elements-edb40fd7764b5c1fc39c3bb53fd88adc\">Charg\u00e9 de mission RI zone Cara\u00efbe et Am\u00e9riques &#8211; Leader du WP5 Internationalisation (EUNICoast)<\/h3>\n\n\n\n<ul class=\"wp-block-list\">\n<li>Jean-Marc BAGGHI <\/li>\n<\/ul>\n\n\n\n<h3 class=\"wp-block-heading has-vivid-red-color has-text-color has-link-color wp-elements-aad0d2b482398c6f3b9004ce2a54c03b\">Direction<\/h3>\n\n\n\n<ul class=\"wp-block-list\">\n<li>Olivia CHATEAU &#8211; Directrice des Relations Internationales<\/li>\n<\/ul>\n\n\n\n<h3 class=\"wp-block-heading has-luminous-vivid-orange-color has-text-color has-link-color wp-elements-cab3a6f64ffed9400f62d516ddb97399\">Equipe DRI<\/h3>\n\n\n\n<ul class=\"wp-block-list\">\n<li>Magali FAVARD &#8211; R\u00e9f\u00e9rente RI P\u00f4le Guadeloupe et coordinatrice des mobilit\u00e9s sortantes<\/li>\n\n\n\n<li>R\u00e9gine ROUVEL &#8211; R\u00e9f\u00e9rente RI P\u00f4le Martinique et coordinatrice des mobilit\u00e9s entrantes<\/li>\n<\/ul>\n\n\n\n<h3 class=\"wp-block-heading has-pale-cyan-blue-color has-text-color has-link-color wp-elements-ccf2c0214503662b5ff51440bed3bc75\">Alliance europ\u00e9enne EUNICoast<\/h3>\n\n\n\n<ul class=\"wp-block-list\">\n<li>C\u00e9dric GUERN &#8211; Coordinateur WP5 et Virtual Mobility Office <\/li>\n\n\n\n<li>Nicolas REYNAUD &#8211; Charg\u00e9 des affaires juridiques<\/li>\n<\/ul>\n","protected":false},"excerpt":{"rendered":"<p>La Direction des relations internationales (DRI) est pr\u00e9sente sur les p\u00f4les Guadeloupe et Martinique. Charg\u00e9 de mission RI zone Cara\u00efbe et Am\u00e9riques &#8211; Leader du WP5 Internationalisation (EUNICoast) Direction Equipe DRI Alliance europ\u00e9enne EUNICoast<\/p>\n","protected":false},"author":2,"featured_media":0,"parent":0,"menu_order":0,"comment_status":"closed","ping_status":"closed","template":"","meta":{"footnotes":""},"class_list":["post-235","page","type-page","status-publish","hentry"],"_links":{"self":[{"href":"https:\/\/bri.univ-antilles.fr\/newsite\/index.php\/wp-json\/wp\/v2\/pages\/235","targetHints":{"allow":["GET"]}}],"collection":[{"href":"https:\/\/bri.univ-antilles.fr\/newsite\/index.php\/wp-json\/wp\/v2\/pages"}],"about":[{"href":"https:\/\/bri.univ-antilles.fr\/newsite\/index.php\/wp-json\/wp\/v2\/types\/page"}],"author":[{"embeddable":true,"href":"https:\/\/bri.univ-antilles.fr\/newsite\/index.php\/wp-json\/wp\/v2\/users\/2"}],"replies":[{"embeddable":true,"href":"https:\/\/bri.univ-antilles.fr\/newsite\/index.php\/wp-json\/wp\/v2\/comments?post=235"}],"version-history":[{"count":7,"href":"https:\/\/bri.univ-antilles.fr\/newsite\/index.php\/wp-json\/wp\/v2\/pages\/235\/revisions"}],"predecessor-version":[{"id":695,"href":"https:\/\/bri.univ-antilles.fr\/newsite\/index.php\/wp-json\/wp\/v2\/pages\/235\/revisions\/695"}],"wp:attachment":[{"href":"https:\/\/bri.univ-antilles.fr\/newsite\/index.php\/wp-json\/wp\/v2\/media?parent=235"}],"curies":[{"name":"wp","href":"https:\/\/api.w.org\/{rel}","templated":true}]}}