{"id":229,"date":"2025-11-04T19:16:44","date_gmt":"2025-11-04T18:16:44","guid":{"rendered":"https:\/\/bri.univ-antilles.fr\/newsite\/?page_id=229"},"modified":"2025-11-18T15:01:44","modified_gmt":"2025-11-18T14:01:44","slug":"decouvrir-nos-campus","status":"publish","type":"page","link":"https:\/\/bri.univ-antilles.fr\/newsite\/index.php\/etudier-a-lua\/decouvrir-nos-campus\/","title":{"rendered":"L&rsquo;UA et ses campus"},"content":{"rendered":"\n<h2 class=\"wp-block-heading has-vivid-cyan-blue-color has-text-color has-link-color wp-elements-702ccb1349841391be1008b5ba757886\">L&rsquo;universit\u00e9 de Antilles<\/h2>\n\n\n<p><iframe loading=\"lazy\" width=\"400\" height=\"224\" src=\"https:\/\/www.youtube.com\/embed\/r2voTZJN4j4\" title=\"Universit\u00e9 des Antilles\" frameborder=\"0\" allow=\"accelerometer; autoplay; clipboard-write; encrypted-media; gyroscope; picture-in-picture; web-share\" referrerpolicy=\"strict-origin-when-cross-origin\" allowfullscreen><\/iframe><\/p>\n\n\n<p><iframe loading=\"lazy\" width=\"400\" height=\"224\" src=\"https:\/\/www.youtube.com\/embed\/niRqYQvyYqI\" title=\"Pr\u00e9sentation de l&#39;Universit\u00e9 des Antilles\" frameborder=\"0\" allow=\"accelerometer; autoplay; clipboard-write; encrypted-media; gyroscope; picture-in-picture; web-share\" referrerpolicy=\"strict-origin-when-cross-origin\" allowfullscreen><\/iframe><\/p>\n\n\n\n<h2 class=\"wp-block-heading has-luminous-vivid-orange-color has-text-color has-link-color wp-elements-af3c08340450f91c0004a0c7251f4712\">P\u00f4le Guadeloupe<\/h2>\n\n\n<p><iframe loading=\"lazy\" width=\"400\" height=\"224\" src=\"https:\/\/www.youtube.com\/embed\/BXZOYM5insg\" title=\"Pr\u00e9sentation du P\u00f4le Guadeloupe\" frameborder=\"0\" allow=\"accelerometer; autoplay; clipboard-write; encrypted-media; gyroscope; picture-in-picture; web-share\" referrerpolicy=\"strict-origin-when-cross-origin\" allowfullscreen><\/iframe><\/p>\n\n\n\n<h2 class=\"wp-block-heading has-vivid-red-color has-text-color has-link-color wp-elements-cbfb9a5e8fd4f60df6f86223840384ca\">P\u00f4le Martinique<\/h2>\n\n\n\n<figure class=\"wp-block-image size-full is-resized\"><a href=\"https:\/\/tourmkr.com\/F14rtT26fy\/12532381p&amp;179.03h&amp;26.23t\"><img loading=\"lazy\" decoding=\"async\" width=\"400\" height=\"231\" src=\"https:\/\/bri.univ-antilles.fr\/newsite\/wp-content\/uploads\/2025\/11\/universite_des_antilles_pole_martinique_0.png\" alt=\"\" class=\"wp-image-242\" style=\"width:354px;height:auto\" srcset=\"https:\/\/bri.univ-antilles.fr\/newsite\/wp-content\/uploads\/2025\/11\/universite_des_antilles_pole_martinique_0.png 400w, https:\/\/bri.univ-antilles.fr\/newsite\/wp-content\/uploads\/2025\/11\/universite_des_antilles_pole_martinique_0-300x173.png 300w\" sizes=\"auto, (max-width: 400px) 100vw, 400px\" \/><\/a><\/figure>\n","protected":false},"excerpt":{"rendered":"<p>L&rsquo;universit\u00e9 de Antilles P\u00f4le Guadeloupe P\u00f4le Martinique<\/p>\n","protected":false},"author":2,"featured_media":0,"parent":207,"menu_order":0,"comment_status":"closed","ping_status":"closed","template":"","meta":{"footnotes":""},"class_list":["post-229","page","type-page","status-publish","hentry"],"_links":{"self":[{"href":"https:\/\/bri.univ-antilles.fr\/newsite\/index.php\/wp-json\/wp\/v2\/pages\/229","targetHints":{"allow":["GET"]}}],"collection":[{"href":"https:\/\/bri.univ-antilles.fr\/newsite\/index.php\/wp-json\/wp\/v2\/pages"}],"about":[{"href":"https:\/\/bri.univ-antilles.fr\/newsite\/index.php\/wp-json\/wp\/v2\/types\/page"}],"author":[{"embeddable":true,"href":"https:\/\/bri.univ-antilles.fr\/newsite\/index.php\/wp-json\/wp\/v2\/users\/2"}],"replies":[{"embeddable":true,"href":"https:\/\/bri.univ-antilles.fr\/newsite\/index.php\/wp-json\/wp\/v2\/comments?post=229"}],"version-history":[{"count":6,"href":"https:\/\/bri.univ-antilles.fr\/newsite\/index.php\/wp-json\/wp\/v2\/pages\/229\/revisions"}],"predecessor-version":[{"id":394,"href":"https:\/\/bri.univ-antilles.fr\/newsite\/index.php\/wp-json\/wp\/v2\/pages\/229\/revisions\/394"}],"up":[{"embeddable":true,"href":"https:\/\/bri.univ-antilles.fr\/newsite\/index.php\/wp-json\/wp\/v2\/pages\/207"}],"wp:attachment":[{"href":"https:\/\/bri.univ-antilles.fr\/newsite\/index.php\/wp-json\/wp\/v2\/media?parent=229"}],"curies":[{"name":"wp","href":"https:\/\/api.w.org\/{rel}","templated":true}]}}