{"id":221,"date":"2025-11-04T19:15:01","date_gmt":"2025-11-04T18:15:01","guid":{"rendered":"https:\/\/bri.univ-antilles.fr\/newsite\/?page_id=221"},"modified":"2026-03-30T21:51:25","modified_gmt":"2026-03-30T19:51:25","slug":"etudiants-dechange","status":"publish","type":"page","link":"https:\/\/bri.univ-antilles.fr\/newsite\/index.php\/etudier-a-lua\/etudiants-dechange\/","title":{"rendered":"\u00c9tudiants d&rsquo;\u00e9change"},"content":{"rendered":"\n<figure class=\"wp-block-image size-full is-resized\"><a href=\"https:\/\/bri.univ-antilles.fr\/newsite\/?page_id=937\"><img loading=\"lazy\" decoding=\"async\" width=\"424\" height=\"424\" src=\"https:\/\/bri.univ-antilles.fr\/newsite\/wp-content\/uploads\/2026\/03\/british-circle-flag-uk-standard-600nw-2495247737-1.webp\" alt=\"\" class=\"wp-image-733\" style=\"width:31px;height:auto\" srcset=\"https:\/\/bri.univ-antilles.fr\/newsite\/wp-content\/uploads\/2026\/03\/british-circle-flag-uk-standard-600nw-2495247737-1.webp 424w, https:\/\/bri.univ-antilles.fr\/newsite\/wp-content\/uploads\/2026\/03\/british-circle-flag-uk-standard-600nw-2495247737-1-300x300.webp 300w, https:\/\/bri.univ-antilles.fr\/newsite\/wp-content\/uploads\/2026\/03\/british-circle-flag-uk-standard-600nw-2495247737-1-150x150.webp 150w\" sizes=\"auto, (max-width: 424px) 100vw, 424px\" \/><\/a><\/figure>\n\n\n\n<figure class=\"wp-block-image size-full is-resized\"><img decoding=\"async\" src=\"https:\/\/bri.univ-antilles.fr\/newsite\/wp-content\/uploads\/2026\/03\/Banniere-InterludeUA_v3.jpg\" alt=\"\" class=\"wp-image-1021\" style=\"width:588px;height:auto\"\/><\/figure>\n\n\n\n<h3 class=\"wp-block-heading\">L\u2019Universit\u00e9 des Antilles accueille des \u00e9tudiants en \u00e9change universitaire gr\u00e2ce au programme Erasmus+ ainsi qu\u2019aux accords bilat\u00e9raux sign\u00e9s avec ses universit\u00e9s partenaires.<\/h3>\n\n\n\n<p>Les \u00e9tudiants en mobilit\u00e9 \u00e0 l\u2019UA sont inscrits officiellement \u00e0 l\u2019\u00e9tablissement. \u00c0 ce titre, ils re\u00e7oivent une carte d\u2019\u00e9tudiant multi-services, leur permettant d&rsquo;acc\u00e9der \u00e0 l&rsquo;ensemble des services num\u00e9riques et \u00e0 la restauration universitaire,  ainsi que deux certificats de scolarit\u00e9.<\/p>\n\n\n\n<h2 class=\"wp-block-heading has-text-color has-link-color wp-elements-83a675aa6ef156a434d1f89657a27be9\" style=\"color:#0878bd\">Choix des cours<\/h2>\n\n\n\n<p>En concertation avec les enseignants de leur universit\u00e9 d\u2019origine, les \u00e9tudiants en mobilit\u00e9 s\u00e9lectionnent les cours qu\u2019ils suivront \u00e0 l\u2019UA dans le cadre de leur Contrat P\u00e9dagogique <em>(Learning Agreement)<\/em>, lequel doit \u00eatre valid\u00e9.<\/p>\n\n\n\n<p>Les \u00e9tudiants ont la possibilit\u00e9 de choisir des cours dans toutes les disciplines, de la premi\u00e8re ann\u00e9e de licence \u00e0 la premi\u00e8re ann\u00e9e de master. En fonction de leurs choix, ils doivent ensuite \u00e9laborer leur emploi du temps. L\u2019offre de formation de l\u2019UA est consultable&nbsp;sur notre <a href=\"https:\/\/formations.univ-antilles.fr\/index.html#\/\" data-type=\"link\" data-id=\"https:\/\/formations.univ-antilles.fr\/index.html#\/\">site internet<\/a>.<\/p>\n\n\n\n<p>Le <strong>R\u00e8glement G\u00e9n\u00e9ral du Contr\u00f4le des Connaissances et des Aptitudes (RGCCA)<\/strong> permet de comprendre le fonctionnement de l\u2019Universit\u00e9 en mati\u00e8re d\u2019organisation, de cours et de modalit\u00e9s d\u2019examens. En cas de questions relatives aux \u00e9valuations, nous vous invitons \u00e0 consulter ce document.<\/p>\n\n\n\n<p><\/p>\n\n\n\n<details class=\"wp-block-details is-layout-flow wp-block-details-is-layout-flow\"><summary><strong>P\u00f4le Guadeloupe<\/strong><\/summary>\n<p>Les inscriptions p\u00e9dagogiques s\u2019effectuent au sein de chaque composante, en accord avec les d\u00e9l\u00e9gu\u00e9s aux relations internationales.<\/p>\n\n\n\n<p><strong>Attention<\/strong>&nbsp;: Toute modification du choix de cours doit \u00eatre indiqu\u00e9e aux d\u00e9l\u00e9gu\u00e9s aux relations internationales concern\u00e9s.<\/p>\n<\/details>\n\n\n\n<p><\/p>\n\n\n\n<details class=\"wp-block-details is-layout-flow wp-block-details-is-layout-flow\"><summary><strong>P\u00f4le Martinique<\/strong><\/summary>\n<p>Les inscriptions p\u00e9dagogiques \u00e0 la Facult\u00e9 des Lettres et Sciences Humaines se d\u00e9roulent en ligne. Pour les autres disciplines, les \u00e9tudiants doivent s\u2019inscrire directement aupr\u00e8s des composantes concern\u00e9es.<\/p>\n\n\n\n<p><em>Attention&nbsp;: Toute modification du choix de cours doit \u00eatre notifi\u00e9e au Bureau des relations internationales (BRI).<\/em><\/p>\n\n\n\n<p>Sur le P\u00f4le Martinique, il est possible de prendre un cours d&rsquo;initiation au cr\u00e9ole, sous r\u00e9serve de places disponibles) : \u00ab&nbsp;<strong>KREYOL <\/strong>initiation au cr\u00e9ole&nbsp;\u00bb (24 heures par semestre &#8211; 3 ECTS)<\/p>\n<\/details>\n\n\n\n<p><\/p>\n\n\n\n<p>Quel que soit le P\u00f4le d&rsquo;affection, les \u00e9tudiants internationaux non francophones doivent suivre le cours de <strong>Perfectionnement linguistique et culturel<\/strong> (24 heures par semestre &#8211; 3 ECTS).<\/p>\n\n\n\n<h2 class=\"wp-block-heading has-text-color has-link-color wp-elements-445717a25819ff41d5e795bf6f6b44b4\" style=\"color:#0878bd\">Activit\u00e9s annexes<\/h2>\n\n\n\n<details class=\"wp-block-details is-layout-flow wp-block-details-is-layout-flow\"><summary><strong>Le Service Universitaire des Activit\u00e9s Physiques et Sportives (SUAPS)<\/strong><\/summary>\n<p>Le SUAPS propose un large choix d\u2019activit\u00e9s sportives (surf, yole, volleyball, yoga) pouvant \u00eatre valid\u00e9es en option durant le semestre ou l&rsquo;ann\u00e9e d\u2019\u00e9tudes. Ces activit\u00e9s peuvent \u00e9galement \u00eatre pratiqu\u00e9es dans le cadre de vos loisirs.<\/p>\n\n\n\n<p>D\u00e9couvrir les <a href=\"http:\/\/www.univ-ag.fr\/vie-des-campus\/sport\" data-type=\"link\" data-id=\"http:\/\/www.univ-ag.fr\/vie-des-campus\/sport\">activit\u00e9s du SUAPS<\/a><\/p>\n\n\n\n<p><\/p>\n<\/details>\n\n\n\n<p><\/p>\n\n\n\n<details class=\"wp-block-details is-layout-flow wp-block-details-is-layout-flow\"><summary><strong>Activit\u00e9s culturelles<\/strong><\/summary>\n<p>L\u2019Universit\u00e9 des Antilles constitue un v\u00e9ritable espace culturel.<br>Associations, biblioth\u00e8ques, composantes, partenaires, services, SUAPS, \u2026 Autant d\u2019acteurs et de lieux qui contribuent \u00e0 proposer une large offre culturelle \u00e0 la communaut\u00e9 universitaire comme \u00e0 la population sur les deux territoires.<\/p>\n\n\n\n<p>D\u00e9couvrir l&rsquo;<a href=\"http:\/\/www.univ-ag.fr\/vie-des-campus\/culture\" data-type=\"link\" data-id=\"http:\/\/www.univ-ag.fr\/vie-des-campus\/culture\">offre culturelle universitaire<\/a><\/p>\n<\/details>\n\n\n\n<p><\/p>\n\n\n\n<details class=\"wp-block-details is-layout-flow wp-block-details-is-layout-flow\"><summary><strong>Associations pour \u00e9tudiants internationaux<\/strong><\/summary>\n<p><\/p>\n<\/details>\n\n\n\n<figure class=\"wp-block-image size-large\"><img loading=\"lazy\" decoding=\"async\" width=\"1024\" height=\"513\" src=\"https:\/\/bri.univ-antilles.fr\/newsite\/wp-content\/uploads\/2025\/11\/IMG_1465-e1763741872834-1024x513.jpeg\" alt=\"\" class=\"wp-image-542\" srcset=\"https:\/\/bri.univ-antilles.fr\/newsite\/wp-content\/uploads\/2025\/11\/IMG_1465-e1763741872834-1024x513.jpeg 1024w, https:\/\/bri.univ-antilles.fr\/newsite\/wp-content\/uploads\/2025\/11\/IMG_1465-e1763741872834-300x150.jpeg 300w, https:\/\/bri.univ-antilles.fr\/newsite\/wp-content\/uploads\/2025\/11\/IMG_1465-e1763741872834-768x385.jpeg 768w, https:\/\/bri.univ-antilles.fr\/newsite\/wp-content\/uploads\/2025\/11\/IMG_1465-e1763741872834-1536x770.jpeg 1536w, https:\/\/bri.univ-antilles.fr\/newsite\/wp-content\/uploads\/2025\/11\/IMG_1465-e1763741872834.jpeg 2016w\" sizes=\"auto, (max-width: 1024px) 100vw, 1024px\" \/><\/figure>\n","protected":false},"excerpt":{"rendered":"<p>L\u2019Universit\u00e9 des Antilles accueille des \u00e9tudiants en \u00e9change universitaire gr\u00e2ce au programme Erasmus+ ainsi qu\u2019aux accords bilat\u00e9raux sign\u00e9s avec ses universit\u00e9s partenaires. Les \u00e9tudiants en mobilit\u00e9 \u00e0 l\u2019UA sont inscrits officiellement \u00e0 l\u2019\u00e9tablissement. \u00c0 ce titre, ils re\u00e7oivent une carte d\u2019\u00e9tudiant multi-services, leur permettant d&rsquo;acc\u00e9der \u00e0 l&rsquo;ensemble des services num\u00e9riques et \u00e0 la restauration universitaire, [&hellip;]<\/p>\n","protected":false},"author":2,"featured_media":0,"parent":207,"menu_order":0,"comment_status":"closed","ping_status":"closed","template":"","meta":{"footnotes":""},"class_list":["post-221","page","type-page","status-publish","hentry"],"_links":{"self":[{"href":"https:\/\/bri.univ-antilles.fr\/newsite\/index.php\/wp-json\/wp\/v2\/pages\/221","targetHints":{"allow":["GET"]}}],"collection":[{"href":"https:\/\/bri.univ-antilles.fr\/newsite\/index.php\/wp-json\/wp\/v2\/pages"}],"about":[{"href":"https:\/\/bri.univ-antilles.fr\/newsite\/index.php\/wp-json\/wp\/v2\/types\/page"}],"author":[{"embeddable":true,"href":"https:\/\/bri.univ-antilles.fr\/newsite\/index.php\/wp-json\/wp\/v2\/users\/2"}],"replies":[{"embeddable":true,"href":"https:\/\/bri.univ-antilles.fr\/newsite\/index.php\/wp-json\/wp\/v2\/comments?post=221"}],"version-history":[{"count":16,"href":"https:\/\/bri.univ-antilles.fr\/newsite\/index.php\/wp-json\/wp\/v2\/pages\/221\/revisions"}],"predecessor-version":[{"id":1022,"href":"https:\/\/bri.univ-antilles.fr\/newsite\/index.php\/wp-json\/wp\/v2\/pages\/221\/revisions\/1022"}],"up":[{"embeddable":true,"href":"https:\/\/bri.univ-antilles.fr\/newsite\/index.php\/wp-json\/wp\/v2\/pages\/207"}],"wp:attachment":[{"href":"https:\/\/bri.univ-antilles.fr\/newsite\/index.php\/wp-json\/wp\/v2\/media?parent=221"}],"curies":[{"name":"wp","href":"https:\/\/api.w.org\/{rel}","templated":true}]}}