{"id":213,"date":"2025-11-04T19:13:20","date_gmt":"2025-11-04T18:13:20","guid":{"rendered":"https:\/\/bri.univ-antilles.fr\/newsite\/?page_id=213"},"modified":"2026-03-30T21:56:02","modified_gmt":"2026-03-30T19:56:02","slug":"visas-et-titres-de-sejour","status":"publish","type":"page","link":"https:\/\/bri.univ-antilles.fr\/newsite\/index.php\/etudier-a-lua\/etudiants-individuels\/visas-et-titres-de-sejour\/","title":{"rendered":"WelcomeUA &#8211; Visas et titres de s\u00e9jour"},"content":{"rendered":"\n<h2 class=\"wp-block-heading has-text-color has-link-color wp-elements-f105fbcc844491d404dbf17375af0f06\" style=\"color:#17365c\">Visa d&rsquo;\u00e9tudes long-s\u00e9jour<\/h2>\n\n\n\n<p>En fonction de votre nationalit\u00e9, il sera n\u00e9cessaire d&rsquo;effectuer une demande de visa d&rsquo;\u00e9tudes long-s\u00e9jour afin de poursuivre vos \u00e9tudes sur le territoire fran\u00e7ais. <\/p>\n\n\n\n<p>Le site <a href=\"https:\/\/france-visas.gouv.fr\" data-type=\"link\" data-id=\"https:\/\/france-visas.gouv.fr\">France-Visas<\/a> vous aidera \u00e0 d\u00e9terminer si vous avez besoin d\u2019un visa, de quel type, et quelle proc\u00e9dure suivre pour effectuer votre demande.<\/p>\n\n\n\n<p>Le visa long s\u00e9jour valant titre de s\u00e9jour mention \u00ab&nbsp;\u00e9tudiant&nbsp;\u00bb ( VLS-TS \u00ab&nbsp;\u00e9tudiant&nbsp;\u00bb) vous permet de suivre des \u00e9tudes en France pour une p\u00e9riode de quatre mois \u00e0 un an. Trois mois avant son expiration, vous devez demander une carte de s\u00e9jour pour pouvoir rester en France.<\/p>\n\n\n\n<p>Il donne le droit de :<\/p>\n\n\n\n<ul class=\"wp-block-list\">\n<li>voyager librement dans tous les pays de l\u2019espace Schengen,<\/li>\n\n\n\n<li>travailler 964 heures par an, soit 20 heures par semaine,<\/li>\n\n\n\n<li>b\u00e9n\u00e9ficier des aides au logement (VISALE, CAF etc.) et de la s\u00e9curit\u00e9 sociale (Ameli),<\/li>\n\n\n\n<li>prolonger votre s\u00e9jour au-del\u00e0 de la dur\u00e9e de validit\u00e9 de votre visa en faisant la demande d\u2019une carte de s\u00e9jour en Pr\u00e9fecture.<\/li>\n<\/ul>\n\n\n\n<p><\/p>\n\n\n\n<p class=\"has-white-color has-text-color has-background has-link-color wp-elements-ce885e831d6dd46573040d5ed57676b4\" style=\"background-color:#0878bd\"><strong>Attention<\/strong> :<strong> le visa fran\u00e7ais ne peut pas \u00eatre modifi\u00e9 sur le territoire fran\u00e7ais.<\/strong> Il est donc tr\u00e8s important de faire la demande d\u2019un visa adapt\u00e9 \u00e0 vos projets en France (\u00e9tudes, stage, concours etc.) avant votre d\u00e9part et, par exemple, de ne pas entrer sur le territoire avec un visa tourisme ou visiteur.<\/p>\n\n\n\n<p>Si votre cursus \u00e0 l&rsquo;universit\u00e9 des Antilles comporte une mobilit\u00e9 d&rsquo;\u00e9tudes ou de stage obligatoire au sein de l\u2019Union europ\u00e9enne, vous devez pr\u00e9senter aux services consulaires une attestation de mobilit\u00e9 de l\u2019universit\u00e9 pour obtenir un visa \u00e9tudiant mobilit\u00e9. Ce visa vous permettra d\u2019\u00e9tudier dans l\u2019Union europ\u00e9enne sans avoir \u00e0 demander un visa pour le pays o\u00f9 vous effectuerez votre mobilit\u00e9.<\/p>\n\n\n\n<h2 class=\"wp-block-heading has-text-color has-link-color wp-elements-93d2fc7be9768fa3038f2bd2467decd5\" style=\"color:#17365c\">Titre de s\u00e9jour<\/h2>\n\n\n\n<p>Les demandes de validation de visa et de titre de s\u00e9jour des \u00e9tudiants s\u2019effectuent totalement en ligne sur la plateforme <a href=\"https:\/\/administration-etrangers-en-france.interieur.gouv.fr\/particuliers\/#\/\" data-type=\"link\" data-id=\"https:\/\/administration-etrangers-en-france.interieur.gouv.fr\/particuliers\/#\/\">ANEF<\/a>. Il n\u2019est plus n\u00e9cessaire de demander un rendez-vous en Pr\u00e9fecture.<\/p>\n\n\n\n<p>En sollicitant un titre de s\u00e9jour fran\u00e7ais, vous devez \u00e9galement d\u00e9sormais signer un <strong>contrat d\u2019engagement \u00e0 respecter les principes de la R\u00e9publique.<\/strong> Ce contrat, dat\u00e9 et sign\u00e9, doit \u00eatre joint au justificatif de domicile au moment du d\u00e9p\u00f4t de la demande sur l\u2019ANEF. <br>En savoir plus sur le <a href=\"https:\/\/www.immigration.interieur.gouv.fr\/Immigration\/Contrat-d-engagement-a-respecter-les-principes-de-la-Republique\">Contrat d&rsquo;engagement<\/a><br>Le non respect du contrat d\u2019engagement \u00e0 respecter les principes de la R\u00e9publique peut entra\u00eener le non-renouvellement ou le retrait du titre de s\u00e9jour, et, dans certaines situations, la d\u00e9livrance d\u2019une Obligation de quitter le territoire fran\u00e7ais (OQTF).<\/p>\n\n\n\n<h3 class=\"wp-block-heading has-text-color has-link-color wp-elements-27de63efa7a7cb54db1ed8b1732411d6\" style=\"color:#0878bd\">D\u00e9marches li\u00e9es aux diff\u00e9rents types de visa<\/h3>\n\n\n\n<details class=\"wp-block-details is-layout-flow wp-block-details-is-layout-flow\"><summary><strong>Visa long s\u00e9jour valant titre de s\u00e9jour (VLS-TS)<\/strong><\/summary>\n<p>Vous devez valider votre visa en ligne dans les 3 mois suivant votre arriv\u00e9e, apr\u00e8s votre inscription administrative,  sur la plateforme <a href=\"https:\/\/administration-etrangers-en-france.interieur.gouv.fr\/particuliers\/#\/\" data-type=\"link\" data-id=\"https:\/\/administration-etrangers-en-france.interieur.gouv.fr\/particuliers\/#\/\">ANEF<\/a>, rubrique \u00ab\u00a0<a href=\"https:\/\/administration-etrangers-en-france.interieur.gouv.fr\/particuliers\/#\/vls-ts\/demarches\/etape\/numero-visa\" data-type=\"link\" data-id=\"https:\/\/administration-etrangers-en-france.interieur.gouv.fr\/particuliers\/#\/vls-ts\/demarches\/etape\/numero-visa\">Je valide mon VLS-TS,<\/a> et vous acquitter d\u2019une taxe de 50 \u20ac (payable par carte bancaire). Documents n\u00e9cessaires : adresse mail, informations du visa, date d&rsquo;entr\u00e9e en France, adresse de r\u00e9sidence. Conservez l&rsquo;attestation re\u00e7ue en PDF.<\/p>\n<\/details>\n\n\n\n<details class=\"wp-block-details is-layout-flow wp-block-details-is-layout-flow\"><summary><strong>Ressortissants alg\u00e9riens<\/strong><\/summary>\n<p>D\u00e8s votre arriv\u00e9e en France, demandez un titre de s\u00e9jour sur la plateforme \u00c9trangers en France. Ne validez pas votre visa en ligne. D\u00e9posez votre demande le plus t\u00f4t possible car les d\u00e9lais sont longs.<\/p>\n<\/details>\n\n\n\n<details class=\"wp-block-details is-layout-flow wp-block-details-is-layout-flow\"><summary><strong>Visa \u00ab\u00a0mineur scolaris\u00e9\u00a0\u00bb<\/strong><\/summary>\n<p>Si vous devenez majeur, d\u00e9posez une demande de titre de s\u00e9jour sur \u00ab <a href=\"https:\/\/www.demarches-simplifiees.fr\/commencer\/pref14-sejour-etudiant-autre-etablissement\" data-type=\"link\" data-id=\"https:\/\/www.demarches-simplifiees.fr\/commencer\/pref14-sejour-etudiant-autre-etablissement\">D\u00e9marches Simplifi\u00e9es<\/a> \u00bb dans les 2 mois suivant votre 18e anniversaire.<\/p>\n<\/details>\n\n\n\n<details class=\"wp-block-details is-layout-flow wp-block-details-is-layout-flow\"><summary><strong>Visa \u00e9tudiant-concours<\/strong><\/summary>\n<p>En cas de r\u00e9ussite au concours, d\u00e9posez une demande de titre de s\u00e9jour sur \u00ab <a href=\"https:\/\/www.demarches-simplifiees.fr\/commencer\/pref14-sejour-etudiant-autre-etablissement\" data-type=\"link\" data-id=\"https:\/\/www.demarches-simplifiees.fr\/commencer\/pref14-sejour-etudiant-autre-etablissement\">D\u00e9marches simplifi\u00e9es<\/a> \u00bb. En cas d&rsquo;\u00e9chec, vous devez solliciter un nouveau visa dans votre pays d&rsquo;origine.<\/p>\n<\/details>\n\n\n\n<p><\/p>\n\n\n\n<h3 class=\"wp-block-heading has-text-color has-link-color wp-elements-da599bd632357dbdc376bbf01fd65fcd\" style=\"color:#0878bd\">Renouvellement de titre de s\u00e9jour<\/h3>\n\n\n\n<p>Votre demande doit \u00eatre d\u00e9pos\u00e9e en ligne entre 120 jours et 60 jours minimum avant expiration. Une p\u00e9nalit\u00e9 de 180 \u20ac s&rsquo;applique si vous d\u00e9posez moins de 60 jours avant expiration. Le r\u00e9c\u00e9piss\u00e9 est remplac\u00e9 par une \u00ab Attestation de d\u00e9cision favorable \u00bb.<\/p>\n\n\n<p><iframe loading=\"lazy\" width=\"676\" height=\"380\" src=\"https:\/\/www.youtube.com\/embed\/-iGha_yqN04\" title=\"D\u00e9poser une demande ou un renouvellement de titre de s\u00e9jour en ligne\" frameborder=\"0\" allow=\"accelerometer; autoplay; clipboard-write; encrypted-media; gyroscope; picture-in-picture; web-share\" referrerpolicy=\"strict-origin-when-cross-origin\" allowfullscreen><\/iframe><\/p>\n","protected":false},"excerpt":{"rendered":"<p>Visa d&rsquo;\u00e9tudes long-s\u00e9jour En fonction de votre nationalit\u00e9, il sera n\u00e9cessaire d&rsquo;effectuer une demande de visa d&rsquo;\u00e9tudes long-s\u00e9jour afin de poursuivre vos \u00e9tudes sur le territoire fran\u00e7ais. Le site France-Visas vous aidera \u00e0 d\u00e9terminer si vous avez besoin d\u2019un visa, de quel type, et quelle proc\u00e9dure suivre pour effectuer votre demande. Le visa long s\u00e9jour [&hellip;]<\/p>\n","protected":false},"author":2,"featured_media":0,"parent":209,"menu_order":0,"comment_status":"closed","ping_status":"closed","template":"","meta":{"footnotes":""},"class_list":["post-213","page","type-page","status-publish","hentry"],"_links":{"self":[{"href":"https:\/\/bri.univ-antilles.fr\/newsite\/index.php\/wp-json\/wp\/v2\/pages\/213","targetHints":{"allow":["GET"]}}],"collection":[{"href":"https:\/\/bri.univ-antilles.fr\/newsite\/index.php\/wp-json\/wp\/v2\/pages"}],"about":[{"href":"https:\/\/bri.univ-antilles.fr\/newsite\/index.php\/wp-json\/wp\/v2\/types\/page"}],"author":[{"embeddable":true,"href":"https:\/\/bri.univ-antilles.fr\/newsite\/index.php\/wp-json\/wp\/v2\/users\/2"}],"replies":[{"embeddable":true,"href":"https:\/\/bri.univ-antilles.fr\/newsite\/index.php\/wp-json\/wp\/v2\/comments?post=213"}],"version-history":[{"count":9,"href":"https:\/\/bri.univ-antilles.fr\/newsite\/index.php\/wp-json\/wp\/v2\/pages\/213\/revisions"}],"predecessor-version":[{"id":1034,"href":"https:\/\/bri.univ-antilles.fr\/newsite\/index.php\/wp-json\/wp\/v2\/pages\/213\/revisions\/1034"}],"up":[{"embeddable":true,"href":"https:\/\/bri.univ-antilles.fr\/newsite\/index.php\/wp-json\/wp\/v2\/pages\/209"}],"wp:attachment":[{"href":"https:\/\/bri.univ-antilles.fr\/newsite\/index.php\/wp-json\/wp\/v2\/media?parent=213"}],"curies":[{"name":"wp","href":"https:\/\/api.w.org\/{rel}","templated":true}]}}