{"id":211,"date":"2025-11-04T19:12:59","date_gmt":"2025-11-04T18:12:59","guid":{"rendered":"https:\/\/bri.univ-antilles.fr\/newsite\/?page_id=211"},"modified":"2026-03-30T21:55:21","modified_gmt":"2026-03-30T19:55:21","slug":"candidater-a-lua","status":"publish","type":"page","link":"https:\/\/bri.univ-antilles.fr\/newsite\/index.php\/etudier-a-lua\/etudiants-individuels\/candidater-a-lua\/","title":{"rendered":"WelcomeUA &#8211; Candidater"},"content":{"rendered":"\n<figure class=\"wp-block-image size-full is-resized\"><a href=\"https:\/\/bri.univ-antilles.fr\/newsite\/index.php\/applying-to-ua\/\"><img loading=\"lazy\" decoding=\"async\" width=\"424\" height=\"424\" src=\"https:\/\/bri.univ-antilles.fr\/newsite\/wp-content\/uploads\/2026\/03\/british-circle-flag-uk-standard-600nw-2495247737-1.webp\" alt=\"\" class=\"wp-image-733\" style=\"width:31px;height:auto\" srcset=\"https:\/\/bri.univ-antilles.fr\/newsite\/wp-content\/uploads\/2026\/03\/british-circle-flag-uk-standard-600nw-2495247737-1.webp 424w, https:\/\/bri.univ-antilles.fr\/newsite\/wp-content\/uploads\/2026\/03\/british-circle-flag-uk-standard-600nw-2495247737-1-300x300.webp 300w, https:\/\/bri.univ-antilles.fr\/newsite\/wp-content\/uploads\/2026\/03\/british-circle-flag-uk-standard-600nw-2495247737-1-150x150.webp 150w\" sizes=\"auto, (max-width: 424px) 100vw, 424px\" \/><\/a><\/figure>\n\n\n\n<figure class=\"wp-block-image size-full is-resized\"><img decoding=\"async\" src=\"https:\/\/bri.univ-antilles.fr\/newsite\/wp-content\/uploads\/2026\/03\/Banniere-WelcomeUA_v3.jpg\" alt=\"\" class=\"wp-image-1029\" style=\"width:588px\"\/><\/figure>\n\n\n\n<p>Seule universit\u00e9 fran\u00e7ais et europ\u00e9enne dans la Cara\u00efbe, l&rsquo;Universit\u00e9 des Antilles est une universit\u00e9 pluridisciplinaire offrant un large choix de domaines de formation adoss\u00e9s \u00e0 une recherche d&rsquo;excellence ancr\u00e9e sur les sp\u00e9cificit\u00e9s de son territoire carib\u00e9en.<br>Pour vous inscrire dans l\u2019enseignement sup\u00e9rieur fran\u00e7ais, les conditions d\u2019admission sont diff\u00e9rentes selon votre nationalit\u00e9, votre pays de r\u00e9sidence, votre dipl\u00f4me \u00e9tranger de fin d\u2019\u00e9tudes secondaires et la nature des \u00e9tudes vis\u00e9es.<\/p>\n\n\n\n<h2 class=\"wp-block-heading has-text-color has-link-color wp-elements-e465b4887741610867c8206c68780fd3\" style=\"color:#17365c\">Candidature et admission<\/h2>\n\n\n\n<details class=\"wp-block-details has-black-color has-text-color has-link-color wp-elements-f97d3dda19cbdbff2d17a0915fc4a8e8 is-layout-flow wp-block-details-is-layout-flow\"><summary><strong>Candidater en 1<sup>\u00e8re<\/sup> ann\u00e9e de licence ou BUT<\/strong><\/summary>\n<p class=\"has-black-color has-text-color has-link-color wp-elements-51ef85eb0d6a6292423f33237e51efd3\">1. Candidat fran\u00e7ais ou ressortissant de l\u2019UE, de l\u2019EEE, de la Conf\u00e9d\u00e9ration suisse, Monaco et Andorre titulaire du baccalaur\u00e9at fran\u00e7ais ou du baccalaur\u00e9at europ\u00e9en&nbsp;: dispositif <a href=\"https:\/\/www.enseignementsup-recherche.gouv.fr\/fr\/etudiants-etrangers-inscriptions-dans-l-enseignement-superieur-francais-46508\" data-type=\"link\" data-id=\"https:\/\/www.enseignementsup-recherche.gouv.fr\/fr\/etudiants-etrangers-inscriptions-dans-l-enseignement-superieur-francais-46508\">Parcoursup<\/a>.<\/p>\n\n\n\n<p class=\"has-black-color has-text-color has-link-color wp-elements-b83b8348aec7b0dac7628d2faecddb86\">2. Si vous \u00eates originaires de la Cara\u00efbe ou des pays non r\u00e9pertori\u00e9s dans la liste des pays concern\u00e9s par la proc\u00e9dure Campus France, vous devrez suivre la proc\u00e9dure suivante selon votre cas&nbsp;:<\/p>\n\n\n\n<ul class=\"wp-block-list\">\n<li class=\"has-black-color has-text-color has-link-color wp-elements-598a2ab75c94ec8ade206dbe4cd29a3b\">Si vous voulez vous inscrire en premi\u00e8re ann\u00e9e de licence&nbsp;: les \u00e9tudiants internationaux titulaires d\u2019un dipl\u00f4me \u00e9tranger de fin d\u2019\u00e9tudes secondaires devront faire une Demande d\u2019Admission Pr\u00e9alable (DAP). Les candidats qui r\u00e9sident dans ces pays, devront remplir le <a href=\"https:\/\/www.campusfrance.org\/fr\/faq\/quels-sont-les-pays-relevant-de-la-procedure-etudes-en-france#:~:text=Afrique%20du%20Sud%2C%20Alg%C3%A9rie%2C%20Arabie,%2DUnis%2C%20Ethiopie%2C%20Gabon%2C\" data-type=\"link\" data-id=\"https:\/\/www.campusfrance.org\/fr\/faq\/quels-sont-les-pays-relevant-de-la-procedure-etudes-en-france#:~:text=Afrique%20du%20Sud%2C%20Alg%C3%A9rie%2C%20Arabie,%2DUnis%2C%20Ethiopie%2C%20Gabon%2C\">dossier blanc<\/a>. Les candidats qui r\u00e9sident en France, devront remplir le <a href=\"https:\/\/www.enseignementsup-recherche.gouv.fr\/fr\/dossier-vert-demande-d-admission-prealable-dap-pour-une-premiere-inscription-en-premiere-annee-de-46347\" data-type=\"link\" data-id=\"https:\/\/www.enseignementsup-recherche.gouv.fr\/fr\/dossier-vert-demande-d-admission-prealable-dap-pour-une-premiere-inscription-en-premiere-annee-de-46347\">dossier vert<\/a>.<\/li>\n<\/ul>\n\n\n\n<ul class=\"wp-block-list\">\n<li class=\"has-black-color has-text-color has-link-color wp-elements-a373f1e552762e96cb0e93a4b498f7d3\">Les candidats originaires de la Cara\u00efbe ont un dispositif sp\u00e9cifique d\u2019accompagnement.<\/li>\n<\/ul>\n\n\n\n<ul class=\"wp-block-list\">\n<li class=\"has-black-color has-text-color has-link-color wp-elements-019de02724fd164f02329f83540ef1bf\">Les \u00e9tudiants internationaux non concern\u00e9s par le DAP et dossier blanc&nbsp;: les candidats r\u00e9sidant \u00e0 l\u2019\u00e9tranger, titulaires ou futurs titulaires du baccalaur\u00e9at fran\u00e7ais ou europ\u00e9en postulant \u00e0 une inscription dans un premier cycle d\u2019universit\u00e9 fran\u00e7aise doivent se connecter \u00e0 <a href=\"https:\/\/www.enseignementsup-recherche.gouv.fr\/fr\/etudiants-etrangers-inscriptions-dans-l-enseignement-superieur-francais-46508\" data-type=\"link\" data-id=\"https:\/\/www.enseignementsup-recherche.gouv.fr\/fr\/etudiants-etrangers-inscriptions-dans-l-enseignement-superieur-francais-46508\">Parcoursup<\/a>. <\/li>\n<\/ul>\n\n\n\n<ol class=\"wp-block-list\">\n<li><\/li>\n<\/ol>\n<\/details>\n\n\n\n<p><\/p>\n\n\n\n<details class=\"wp-block-details has-black-color has-text-color has-link-color wp-elements-b1944b4033549fee4b69d7b0865fce31 is-layout-flow wp-block-details-is-layout-flow\"><summary><strong>Candidater en 2<sup>\u00e8me<\/sup> et 3<strong><sup>\u00e8me<\/sup><\/strong> ann\u00e9e de licence ou BUT<\/strong>,<strong> et en Master 2<\/strong><\/summary>\n<p class=\"has-black-color has-text-color has-link-color wp-elements-4140946b7830a6c5a3ba331ebdd4d4a5\">Les candidats internationaux ressortissants de l\u2019UE, de l\u2019EEE, de la Conf\u00e9d\u00e9ration suisse relevant d\u2019un proc\u00e9dure \u00c9tudes en France qui souhaitent s\u2019inscrire en deuxi\u00e8me, troisi\u00e8me ann\u00e9e de licence ou deuxi\u00e8me ann\u00e9e de master (M2) doivent d\u00e9poser leur candidature <strong>directement aupr\u00e8s de l\u2019universit\u00e9 des Antilles<\/strong>.<\/p>\n\n\n\n<p class=\"has-black-color has-text-color has-link-color wp-elements-99e2b5a8a5522b76c25480cf04a9a5b3\">Pour les candidats r\u00e9sidant dans un des 72 pays et territoires disposant d\u2019un espace Campus France, l&rsquo;ensemble des d\u00e9marches pr\u00e9alables \u00e0 la demande de visa se font via la plateforme d\u00e9mat\u00e9rialis\u00e9e <a href=\"https:\/\/pastel.diplomatie.gouv.fr\/etudesenfrance\/dyn\/public\/authentification\/login.html\" data-type=\"link\" data-id=\"https:\/\/pastel.diplomatie.gouv.fr\/etudesenfrance\/dyn\/public\/authentification\/login.html\">\u00c9tudes en France<\/a>. <br>Consultez la <a href=\"https:\/\/www.campusfrance.org\/fr\/faq\/quels-sont-les-pays-relevant-de-la-procedure-etudes-en-france#:~:text=Afrique%20du%20Sud%2C%20Alg%C3%A9rie%2C%20Arabie,%2DUnis%2C%20Ethiopie%2C%20Gabon%2C\" data-type=\"link\" data-id=\"https:\/\/www.campusfrance.org\/fr\/faq\/quels-sont-les-pays-relevant-de-la-procedure-etudes-en-france#:~:text=Afrique%20du%20Sud%2C%20Alg%C3%A9rie%2C%20Arabie,%2DUnis%2C%20Ethiopie%2C%20Gabon%2C\">liste des pays ou territoires<\/a> concern\u00e9s par cette proc\u00e9dure.<\/p>\n\n\n\n<p class=\"has-black-color has-text-color has-link-color wp-elements-9f43afae07f30ce3529ea71714332471\">Sur la plateforme, les candidats pourront d\u00e9poser ces demandes d\u2019inscriptions, dialoguer avec l\u2019espace Campus France de son pays et communiquer avec les \u00e9tablissements qu\u2019ils souhaitent s\u2019inscrire. Un participation financi\u00e8re est demand\u00e9e pour se b\u00e9n\u00e9ficier du service d\u2019accompagnement.<\/p>\n<\/details>\n\n\n\n<p><\/p>\n\n\n\n<details class=\"wp-block-details has-black-color has-text-color has-link-color wp-elements-e4d86a481c827b48811ab32a24c4190f is-layout-flow wp-block-details-is-layout-flow\"><summary><strong>Candidater en Master<\/strong><\/summary>\n<p class=\"has-black-color has-text-color has-link-color wp-elements-d4921c1390795d0282d7f7feac22865c\">Les candidats internationaux ressortissants de l\u2019UE, de l\u2019EEE, de la Conf\u00e9d\u00e9ration suisse relevant d\u2019un pays hors proc\u00e9dure \u00c9tudes en France doivent d\u00e9poser leur candidature via la plateforme <strong><a href=\"https:\/\/www.enseignementsup-recherche.gouv.fr\/fr\/mon-master-plateforme-nationale-candidature-88498\" data-type=\"link\" data-id=\"https:\/\/www.enseignementsup-recherche.gouv.fr\/fr\/mon-master-plateforme-nationale-candidature-88498\">Mon master<\/a>.<\/strong><\/p>\n\n\n\n<p class=\"has-black-color has-text-color has-link-color wp-elements-99e2b5a8a5522b76c25480cf04a9a5b3\">Pour les candidats r\u00e9sidant dans un des 72 pays et territoires disposant d\u2019un espace Campus France, l&rsquo;ensemble des d\u00e9marches pr\u00e9alables \u00e0 la demande de visa se font via la plateforme d\u00e9mat\u00e9rialis\u00e9e <a href=\"https:\/\/pastel.diplomatie.gouv.fr\/etudesenfrance\/dyn\/public\/authentification\/login.html\" data-type=\"link\" data-id=\"https:\/\/pastel.diplomatie.gouv.fr\/etudesenfrance\/dyn\/public\/authentification\/login.html\">\u00c9tudes en France<\/a>. <br>Consultez la <a href=\"https:\/\/www.campusfrance.org\/fr\/faq\/quels-sont-les-pays-relevant-de-la-procedure-etudes-en-france#:~:text=Afrique%20du%20Sud%2C%20Alg%C3%A9rie%2C%20Arabie,%2DUnis%2C%20Ethiopie%2C%20Gabon%2C\" data-type=\"link\" data-id=\"https:\/\/www.campusfrance.org\/fr\/faq\/quels-sont-les-pays-relevant-de-la-procedure-etudes-en-france#:~:text=Afrique%20du%20Sud%2C%20Alg%C3%A9rie%2C%20Arabie,%2DUnis%2C%20Ethiopie%2C%20Gabon%2C\">liste des pays ou territoires<\/a> concern\u00e9s par cette proc\u00e9dure.<\/p>\n\n\n\n<p class=\"has-black-color has-text-color has-link-color wp-elements-792b6ff944aceb798594f0eac8b86c67\">Cas pour lesquels les candidats doivent <strong>s&rsquo;inscrire directement aupr\u00e8s de l&rsquo;\u00e9tablissement <\/strong>:<\/p>\n\n\n\n<ul class=\"wp-block-list\">\n<li class=\"has-black-color has-text-color has-link-color wp-elements-fc278e380a18a20c430b63b254ed4b8b\">redoublement de la premi\u00e8re ann\u00e9e de master ;<\/li>\n\n\n\n<li class=\"has-black-color has-text-color has-link-color wp-elements-85251f4092bf4657c08a2f515b399555\">candidature par le biais d\u2019une validation des \u00e9tudes sup\u00e9rieures (VES) ou d\u2019une validation des acquis professionnels (VAP)<\/li>\n\n\n\n<li class=\"has-black-color has-text-color has-link-color wp-elements-0afe44802851bf5ab6a699ef20ad626e\">suivi d&rsquo;un cursus dont l\u2019admission en premi\u00e8re ann\u00e9e de master est automatique<\/li>\n<\/ul>\n\n\n\n<p class=\"has-black-color has-text-color has-link-color wp-elements-15360e9437fc9d1c6c0d133ddcb422a9\"><\/p>\n<\/details>\n\n\n\n<p><\/p>\n\n\n\n<p>Une fois votre admission confirm\u00e9e, vous devrez accepter la proposition d\u2019admission et poursuivre vos d\u00e9marches en fonction de la proc\u00e9dure dont vous relevez.<\/p>\n\n\n\n<p>En fonction de votre nationalit\u00e9, il sera notamment n\u00e9cessaire d&rsquo;effectuer une demande de visa d&rsquo;\u00e9tudes long s\u00e9jour. La plateforme France-Visas \u00ab&nbsp;<a href=\"https:\/\/france-visas.gouv.fr\/web\/france-visas\/accueil\" target=\"_blank\" rel=\"noreferrer noopener\">Ai-je besoin d\u2019un visa ?<\/a>&nbsp;\u00bb vous aide \u00e0 savoir si vous avez besoin d\u2019un visa, de quel type, et quelle proc\u00e9dure suivre pour effectuer votre demande.<\/p>\n\n\n\n<h2 class=\"wp-block-heading has-text-color has-link-color wp-elements-f9e4d0b2b494a744dadb17ff62cbb19a\" style=\"color:#17365c\">Inscriptions<\/h2>\n\n\n\n<details class=\"wp-block-details has-black-color has-text-color has-link-color wp-elements-b471758456531bcc400d716dacfd72f0 is-layout-flow wp-block-details-is-layout-flow\"><summary><strong>Inscription administrative<\/strong><\/summary>\n<p class=\"has-black-color has-text-color has-link-color wp-elements-a34ec2abef014a1324e116c8f46f0e0e\">L\u2019acquittement de la <a href=\"https:\/\/cvec.etudiant.gouv.fr\/\" data-type=\"link\" data-id=\"https:\/\/cvec.etudiant.gouv.fr\/\">Contribution Vie Etudiant et de Campus<\/a> (CVEC) est un pr\u00e9alable obligatoire \u00e0 l\u2019inscription. Cette contribution, destin\u00e9e \u00e0 favoriser l&rsquo;accueil et l&rsquo;accompagnement social, sanitaire, culturel et sportif des \u00e9tudiants, ainsi qu\u2019\u00e0 renforcer les actions de pr\u00e9vention et d&rsquo;\u00e9ducation \u00e0 la sant\u00e9, est due chaque ann\u00e9e par les \u00e9tudiants avant leur inscription.<br>Les \u00e9tudiants boursiers sont exon\u00e9r\u00e9s du paiement de la CVEC, mais doivent tout de m\u00eame se rendre sur le site et effectuer la d\u00e9marche. Rendez-vous sur MesServicesEtudiants<\/p>\n\n\n\n<p class=\"has-black-color has-text-color has-link-color wp-elements-ce3216a119f0a602a0174624a36eda1b\">Les inscriptions administratives se d\u00e9roulent de juillet \u00e0 septembre (se r\u00e9f\u00e9rer au calendrier universitaire). Il est indispensable de r\u00e9gler les droits d\u2019inscription et de transmettre les pi\u00e8ces justificatives pour valider votre inscription administrative.<\/p>\n\n\n\n<p class=\"has-black-color has-text-color has-link-color wp-elements-b5eb76a530fc15e1f863f6b42df55209\">L\u2019inscription administrative permit de devenir officiellement usager de l\u2019\u00e9tablissement et se formalise par la d\u00e9livrance de la carte \u00e9tudiante<\/p>\n\n\n\n<ul class=\"wp-block-list\">\n<li class=\"has-black-color has-text-color has-link-color wp-elements-81713119d74c3ffe4ae2863d6a128019\">Le site pour les premi\u00e8res inscriptions administratives en formation initiale<\/li>\n\n\n\n<li class=\"has-black-color has-text-color has-link-color wp-elements-88030ed7dc9434355919cc1ac50ebf75\">Le site pour les r\u00e9inscriptions administratives en formation initiale<\/li>\n\n\n\n<li class=\"has-black-color has-text-color has-link-color wp-elements-20fa6e49253f53ef283d2458f78bc8bd\">Plateforme sp\u00e9cifique pour les \u00e9tudiants en double inscription CPGE (Guide d\u2019inscription CPGE)<\/li>\n<\/ul>\n<\/details>\n\n\n\n<p><\/p>\n\n\n\n<details class=\"wp-block-details has-black-color has-text-color has-link-color wp-elements-196fd7c4d085b0c678888a0e30378ae3 is-layout-flow wp-block-details-is-layout-flow\"><summary><strong>Inscription p\u00e9dagogique<\/strong><\/summary>\n<p class=\"has-black-color has-text-color has-link-color wp-elements-d1ba555ad2f678aa8dda41899aad0e58\">L\u2019inscription p\u00e9dagogique consiste \u00e0 d\u00e9terminer vos choix de parcours et d\u2019enseignements : langues vivantes, \u00e9l\u00e9ments constitutifs libres (par exemple EC libres), mati\u00e8res optionnelles, mises en place d\u2019am\u00e9nagements de cours et\/ou d\u2019examens si l\u2019\u00e9tudiant b\u00e9n\u00e9ficie d\u2019un statut sp\u00e9cifique (salari\u00e9, \u00e9tudiant en situation de handicap, sportif de haut niveau), etc.<\/p>\n\n\n\n<p class=\"has-black-color has-text-color has-link-color wp-elements-aebdc800482eea5157da7b4f4eda2002\">L\u2019inscription p\u00e9dagogique se r\u00e9alise en ligne, apr\u00e8s votre arriv\u00e9e \u00e0 l\u2019Universit\u00e9 des Antilles et une fois l\u2019inscription administrative est compl\u00e9t\u00e9e.<\/p>\n<\/details>\n\n\n\n<p><\/p>\n","protected":false},"excerpt":{"rendered":"<p>Seule universit\u00e9 fran\u00e7ais et europ\u00e9enne dans la Cara\u00efbe, l&rsquo;Universit\u00e9 des Antilles est une universit\u00e9 pluridisciplinaire offrant un large choix de domaines de formation adoss\u00e9s \u00e0 une recherche d&rsquo;excellence ancr\u00e9e sur les sp\u00e9cificit\u00e9s de son territoire carib\u00e9en.Pour vous inscrire dans l\u2019enseignement sup\u00e9rieur fran\u00e7ais, les conditions d\u2019admission sont diff\u00e9rentes selon votre nationalit\u00e9, votre pays de r\u00e9sidence, votre [&hellip;]<\/p>\n","protected":false},"author":2,"featured_media":0,"parent":209,"menu_order":0,"comment_status":"closed","ping_status":"closed","template":"","meta":{"footnotes":""},"class_list":["post-211","page","type-page","status-publish","hentry"],"_links":{"self":[{"href":"https:\/\/bri.univ-antilles.fr\/newsite\/index.php\/wp-json\/wp\/v2\/pages\/211","targetHints":{"allow":["GET"]}}],"collection":[{"href":"https:\/\/bri.univ-antilles.fr\/newsite\/index.php\/wp-json\/wp\/v2\/pages"}],"about":[{"href":"https:\/\/bri.univ-antilles.fr\/newsite\/index.php\/wp-json\/wp\/v2\/types\/page"}],"author":[{"embeddable":true,"href":"https:\/\/bri.univ-antilles.fr\/newsite\/index.php\/wp-json\/wp\/v2\/users\/2"}],"replies":[{"embeddable":true,"href":"https:\/\/bri.univ-antilles.fr\/newsite\/index.php\/wp-json\/wp\/v2\/comments?post=211"}],"version-history":[{"count":26,"href":"https:\/\/bri.univ-antilles.fr\/newsite\/index.php\/wp-json\/wp\/v2\/pages\/211\/revisions"}],"predecessor-version":[{"id":1031,"href":"https:\/\/bri.univ-antilles.fr\/newsite\/index.php\/wp-json\/wp\/v2\/pages\/211\/revisions\/1031"}],"up":[{"embeddable":true,"href":"https:\/\/bri.univ-antilles.fr\/newsite\/index.php\/wp-json\/wp\/v2\/pages\/209"}],"wp:attachment":[{"href":"https:\/\/bri.univ-antilles.fr\/newsite\/index.php\/wp-json\/wp\/v2\/media?parent=211"}],"curies":[{"name":"wp","href":"https:\/\/api.w.org\/{rel}","templated":true}]}}