{"id":199,"date":"2025-11-04T18:59:27","date_gmt":"2025-11-04T17:59:27","guid":{"rendered":"https:\/\/bri.univ-antilles.fr\/newsite\/?page_id=199"},"modified":"2026-03-30T22:04:10","modified_gmt":"2026-03-30T20:04:10","slug":"nos-programmes","status":"publish","type":"page","link":"https:\/\/bri.univ-antilles.fr\/newsite\/index.php\/partir-a-letranger\/nos-programmes\/","title":{"rendered":"Mobilit\u00e9s d&rsquo;\u00e9tudes"},"content":{"rendered":"\n<figure class=\"wp-block-image size-full is-resized\"><img loading=\"lazy\" decoding=\"async\" width=\"906\" height=\"113\" src=\"https:\/\/bri.univ-antilles.fr\/newsite\/wp-content\/uploads\/2026\/03\/Banniere-ItineraireUA_v3-e1774900966520.jpg\" alt=\"\" class=\"wp-image-1046\" style=\"width:588px\" srcset=\"https:\/\/bri.univ-antilles.fr\/newsite\/wp-content\/uploads\/2026\/03\/Banniere-ItineraireUA_v3-e1774900966520.jpg 906w, https:\/\/bri.univ-antilles.fr\/newsite\/wp-content\/uploads\/2026\/03\/Banniere-ItineraireUA_v3-e1774900966520-300x37.jpg 300w, https:\/\/bri.univ-antilles.fr\/newsite\/wp-content\/uploads\/2026\/03\/Banniere-ItineraireUA_v3-e1774900966520-768x96.jpg 768w\" sizes=\"auto, (max-width: 906px) 100vw, 906px\" \/><\/figure>\n\n\n\n<h2 class=\"wp-block-heading has-text-color has-link-color wp-elements-cf00c1b2762c5b0c503dc41b32a66f42\" style=\"color:#0878bd\">Pourquoi faire une mobilit\u00e9 internationale ?<\/h2>\n\n\n\n<h3 class=\"wp-block-heading\">D\u00e9veloppement personnel<\/h3>\n\n\n\n<p>D\u00e9couvrez de nouvelles cultures, sortez de votre zone de confort, et renforcez votre confiance en vous. La mobilit\u00e9 internationale est une formidable opportunit\u00e9 de croissance personnelle.<\/p>\n\n\n\n<h3 class=\"wp-block-heading\">Avantages acad\u00e9miques<\/h3>\n\n\n\n<p>Suivez des cours uniques, enrichissez vos connaissances, et d\u00e9veloppez vos comp\u00e9tences linguistiques. L&rsquo;exp\u00e9rience internationale vous donnera un avantage sur le march\u00e9 du travail.<\/p>\n\n\n\n<h3 class=\"wp-block-heading\">Opportunit\u00e9s professionnelles<\/h3>\n\n\n\n<p>Enrichissez votre CV avec une exp\u00e9rience internationale, d\u00e9veloppez votre r\u00e9seau professionnel, et ouvrez-vous \u00e0 de nouvelles perspectives de carri\u00e8re.<\/p>\n\n\n\n<h3 class=\"wp-block-heading\">Enrichissement global<\/h3>\n\n\n\n<p>Vivez une exp\u00e9rience unique qui marquera durablement votre parcours, et d\u00e9couvrez le monde sous un nouvel angle.<\/p>\n\n\n\n<p><\/p>\n\n\n\n<h2 class=\"wp-block-heading has-text-color has-link-color wp-elements-b80123ff7c4543ad9a9b208ad936bb3e\" style=\"color:#0878bd\">Des programmes adapt\u00e9s \u00e0 tous les profils<\/h2>\n\n\n\n<ul class=\"wp-block-list\">\n<li>\u00c9tudiants en licence, BUT et master : <a href=\"https:\/\/bri.univ-antilles.fr\/newsite\/index.php\/itineraires-ua\/\" data-type=\"link\" data-id=\"https:\/\/bri.univ-antilles.fr\/newsite\/index.php\/itineraires-ua\/\">Itin\u00e9raires UA<\/a><\/li>\n\n\n\n<li>\u00c9tudiants en doctorat : <a href=\"https:\/\/bri.univ-antilles.fr\/newsite\/index.php\/empreinte-ua\/\" data-type=\"link\" data-id=\"https:\/\/bri.univ-antilles.fr\/newsite\/index.php\/empreinte-ua\/\">Empreinte UA<\/a><\/li>\n<\/ul>\n\n\n\n<p>Consultez <a href=\"https:\/\/bri.univ-antilles.fr\/newsite\/wp-content\/uploads\/2026\/01\/UA-DRI_Catalogue-des-mobilites.pdf\" data-type=\"link\" data-id=\"https:\/\/bri.univ-antilles.fr\/newsite\/wp-content\/uploads\/2026\/01\/UA-DRI_Catalogue-des-mobilites.pdf\">la liste des destinations<\/a> par domaines de formation.<\/p>\n\n\n\n<h2 class=\"wp-block-heading has-text-color has-link-color wp-elements-9c84a069ff89c6dc50cb32fdcc169e90\" style=\"color:#0878bd\">Candidater<\/h2>\n\n\n\n<details class=\"wp-block-details is-layout-flow wp-block-details-is-layout-flow\"><summary><strong>1\u00e8re campagne de mobilit\u00e9 2026\/27<\/strong><\/summary>\n<p>Pour des d\u00e9parts en mobilit\u00e9 d&rsquo;\u00e9tudes au S1 ou au S2 de l&rsquo;ann\u00e9e universitaire.<\/p>\n<\/details>\n\n\n\n<p><em>La 1\u00e8re campagne close.<\/em><\/p>\n\n\n\n<details class=\"wp-block-details is-layout-flow wp-block-details-is-layout-flow\"><summary><strong>2e campagne de mobilit\u00e9 2026\/27<\/strong><\/summary>\n<p>Pour des d\u00e9parts en mobilit\u00e9 d&rsquo;\u00e9tudes uniquement au S2 de l&rsquo;ann\u00e9e universitaire 2026-2027.<\/p>\n<\/details>\n\n\n\n<p><em>Ouverture de la campagne d\u00e9but octobre 2026.<\/em><\/p>\n\n\n\n<p><\/p>\n\n\n\n<p><\/p>\n","protected":false},"excerpt":{"rendered":"<p>Pourquoi faire une mobilit\u00e9 internationale ? D\u00e9veloppement personnel D\u00e9couvrez de nouvelles cultures, sortez de votre zone de confort, et renforcez votre confiance en vous. La mobilit\u00e9 internationale est une formidable opportunit\u00e9 de croissance personnelle. Avantages acad\u00e9miques Suivez des cours uniques, enrichissez vos connaissances, et d\u00e9veloppez vos comp\u00e9tences linguistiques. L&rsquo;exp\u00e9rience internationale vous donnera un avantage sur [&hellip;]<\/p>\n","protected":false},"author":2,"featured_media":0,"parent":191,"menu_order":0,"comment_status":"closed","ping_status":"closed","template":"","meta":{"footnotes":""},"class_list":["post-199","page","type-page","status-publish","hentry"],"_links":{"self":[{"href":"https:\/\/bri.univ-antilles.fr\/newsite\/index.php\/wp-json\/wp\/v2\/pages\/199","targetHints":{"allow":["GET"]}}],"collection":[{"href":"https:\/\/bri.univ-antilles.fr\/newsite\/index.php\/wp-json\/wp\/v2\/pages"}],"about":[{"href":"https:\/\/bri.univ-antilles.fr\/newsite\/index.php\/wp-json\/wp\/v2\/types\/page"}],"author":[{"embeddable":true,"href":"https:\/\/bri.univ-antilles.fr\/newsite\/index.php\/wp-json\/wp\/v2\/users\/2"}],"replies":[{"embeddable":true,"href":"https:\/\/bri.univ-antilles.fr\/newsite\/index.php\/wp-json\/wp\/v2\/comments?post=199"}],"version-history":[{"count":27,"href":"https:\/\/bri.univ-antilles.fr\/newsite\/index.php\/wp-json\/wp\/v2\/pages\/199\/revisions"}],"predecessor-version":[{"id":1048,"href":"https:\/\/bri.univ-antilles.fr\/newsite\/index.php\/wp-json\/wp\/v2\/pages\/199\/revisions\/1048"}],"up":[{"embeddable":true,"href":"https:\/\/bri.univ-antilles.fr\/newsite\/index.php\/wp-json\/wp\/v2\/pages\/191"}],"wp:attachment":[{"href":"https:\/\/bri.univ-antilles.fr\/newsite\/index.php\/wp-json\/wp\/v2\/media?parent=199"}],"curies":[{"name":"wp","href":"https:\/\/api.w.org\/{rel}","templated":true}]}}